{"id":6869,"date":"2021-04-10T13:39:21","date_gmt":"2021-04-10T16:39:21","guid":{"rendered":"http:\/\/wp-paris-paris.test\/?product=claridge-shampoo-btx-capilar"},"modified":"2025-12-17T18:47:07","modified_gmt":"2025-12-17T21:47:07","slug":"claridge-shampoo-btx-capilar","status":"publish","type":"product","link":"https:\/\/parisparis.movilizame.com.ar\/?product=claridge-shampoo-btx-capilar","title":{"rendered":"CLARIDGE &#8211; BTX CAPILAR SHAMPOO REESTRUCTURANTE 400 GR"},"content":{"rendered":"<p>Shampoo BTX Capilar con Complejo BTX y Provitamina B5 para cabellos da\u00f1ados.<br \/>\nHidrataci\u00f3n y Nutrici\u00f3n<\/p>\n<p>DESCRIPCI\u00d3N:<\/p>\n<p>Claridge desarrollo su f\u00f3rmula BTX CAPILAR combinando las propiedades hidratantes y reconstructivas del Complejo BTX con el poder de nutrici\u00f3n de la provitamina B5.<\/p>\n<p>\u00c9ste tratamiento repara en profundidad el cabello da\u00f1ado y devuelve los niveles de hidrataci\u00f3n perdidos en la fibra capilar. Con su uso prolongado, el cabello quedar\u00e1 suave, sedoso y brillante nuevamente.<\/p>\n<p>COMPONENTES:<\/p>\n<p>-Complejo BTX: Con \u00e1cido Hialur\u00f3nico, ayuda a restaurar los niveles de hidrataci\u00f3n del cabello rellenando su estructura. Permite que el pelo recupere su textura, brillo y suavidad.<\/p>\n<p>-Provitamina B5: Devuelve la nutrici\u00f3n perdida por diferentes factores.<\/p>\n<p>MODO DE USO:<\/p>\n<p>Aplique el producto sobre el cabello mojado masajeando suavemente por unos minutos y luego enjuague. Repita la operaci\u00f3n para lograr una limpieza m\u00e1s profunda.<\/p>\n<p>Para un mejor cuidado del pelo recomendamos posteriormente utilizar el acondicionador BTX Capilar.<\/p>\n","protected":false},"excerpt":{"rendered":"<p>Shampoo BTX Capilar con Complejo BTX y Provitamina B5 para cabellos da\u00f1ados. Hidrataci\u00f3n y Nutrici\u00f3n DESCRIPCI\u00d3N: Claridge desarrollo su f\u00f3rmula&#8230;<\/p>\n","protected":false},"featured_media":7696,"comment_status":"open","ping_status":"closed","template":"","meta":[],"product_brand":[1427],"product_cat":[1379],"product_tag":[],"class_list":{"0":"post-6869","1":"product","2":"type-product","3":"status-publish","4":"has-post-thumbnail","6":"product_brand-claridge","7":"product_cat-capilar","9":"first","10":"instock","11":"shipping-taxable","12":"purchasable","13":"product-type-simple"},"_links":{"self":[{"href":"https:\/\/parisparis.movilizame.com.ar\/index.php?rest_route=\/wp\/v2\/product\/6869","targetHints":{"allow":["GET"]}}],"collection":[{"href":"https:\/\/parisparis.movilizame.com.ar\/index.php?rest_route=\/wp\/v2\/product"}],"about":[{"href":"https:\/\/parisparis.movilizame.com.ar\/index.php?rest_route=\/wp\/v2\/types\/product"}],"replies":[{"embeddable":true,"href":"https:\/\/parisparis.movilizame.com.ar\/index.php?rest_route=%2Fwp%2Fv2%2Fcomments&post=6869"}],"wp:featuredmedia":[{"embeddable":true,"href":"https:\/\/parisparis.movilizame.com.ar\/index.php?rest_route=\/wp\/v2\/media\/7696"}],"wp:attachment":[{"href":"https:\/\/parisparis.movilizame.com.ar\/index.php?rest_route=%2Fwp%2Fv2%2Fmedia&parent=6869"}],"wp:term":[{"taxonomy":"product_brand","embeddable":true,"href":"https:\/\/parisparis.movilizame.com.ar\/index.php?rest_route=%2Fwp%2Fv2%2Fproduct_brand&post=6869"},{"taxonomy":"product_cat","embeddable":true,"href":"https:\/\/parisparis.movilizame.com.ar\/index.php?rest_route=%2Fwp%2Fv2%2Fproduct_cat&post=6869"},{"taxonomy":"product_tag","embeddable":true,"href":"https:\/\/parisparis.movilizame.com.ar\/index.php?rest_route=%2Fwp%2Fv2%2Fproduct_tag&post=6869"}],"curies":[{"name":"wp","href":"https:\/\/api.w.org\/{rel}","templated":true}]}}