{"id":6860,"date":"2021-04-09T13:35:59","date_gmt":"2021-04-09T16:35:59","guid":{"rendered":"http:\/\/wp-paris-paris.test\/?product=inecto-shampoo-peques"},"modified":"2025-12-18T10:53:23","modified_gmt":"2025-12-18T13:53:23","slug":"inecto-shampoo-peques","status":"publish","type":"product","link":"https:\/\/parisparis.movilizame.com.ar\/?product=inecto-shampoo-peques","title":{"rendered":"INECTO &#8211; PEQUES SHAMPOO CON MIEL NATURAL 400 ML"},"content":{"rendered":"<p>El shampoo hipoalerg\u00e9nico con pH neutro para ni\u00f1os a partir del a\u00f1o, suaviza y humecta el pelo de los mas peque\u00f1os. El pH neutro ayuda a mantener el equilibrio natural del cuero cabelludo de los ni\u00f1os.<\/p>\n<p>COMPONENTES:<br \/>\nMIEL NATURAL<br \/>\n&#8211; Previene la sequedad del cabello<br \/>\n&#8211; Nutre el pelo<br \/>\n&#8211; Aporta altas dosis de vitaminas<\/p>\n<p>pH NEUTRO<br \/>\n&#8211; Protege el cuero cabelludo de los ni\u00f1os<\/p>\n","protected":false},"excerpt":{"rendered":"<p>El shampoo hipoalerg\u00e9nico con pH neutro para ni\u00f1os a partir del a\u00f1o, suaviza y humecta el pelo de los mas&#8230;<\/p>\n","protected":false},"featured_media":7689,"comment_status":"open","ping_status":"closed","template":"","meta":[],"product_brand":[1431],"product_cat":[],"product_tag":[],"class_list":{"0":"post-6860","1":"product","2":"type-product","3":"status-publish","4":"has-post-thumbnail","6":"product_brand-inecto","8":"first","9":"instock","10":"shipping-taxable","11":"purchasable","12":"product-type-simple"},"_links":{"self":[{"href":"https:\/\/parisparis.movilizame.com.ar\/index.php?rest_route=\/wp\/v2\/product\/6860","targetHints":{"allow":["GET"]}}],"collection":[{"href":"https:\/\/parisparis.movilizame.com.ar\/index.php?rest_route=\/wp\/v2\/product"}],"about":[{"href":"https:\/\/parisparis.movilizame.com.ar\/index.php?rest_route=\/wp\/v2\/types\/product"}],"replies":[{"embeddable":true,"href":"https:\/\/parisparis.movilizame.com.ar\/index.php?rest_route=%2Fwp%2Fv2%2Fcomments&post=6860"}],"wp:featuredmedia":[{"embeddable":true,"href":"https:\/\/parisparis.movilizame.com.ar\/index.php?rest_route=\/wp\/v2\/media\/7689"}],"wp:attachment":[{"href":"https:\/\/parisparis.movilizame.com.ar\/index.php?rest_route=%2Fwp%2Fv2%2Fmedia&parent=6860"}],"wp:term":[{"taxonomy":"product_brand","embeddable":true,"href":"https:\/\/parisparis.movilizame.com.ar\/index.php?rest_route=%2Fwp%2Fv2%2Fproduct_brand&post=6860"},{"taxonomy":"product_cat","embeddable":true,"href":"https:\/\/parisparis.movilizame.com.ar\/index.php?rest_route=%2Fwp%2Fv2%2Fproduct_cat&post=6860"},{"taxonomy":"product_tag","embeddable":true,"href":"https:\/\/parisparis.movilizame.com.ar\/index.php?rest_route=%2Fwp%2Fv2%2Fproduct_tag&post=6860"}],"curies":[{"name":"wp","href":"https:\/\/api.w.org\/{rel}","templated":true}]}}