{"id":6856,"date":"2021-04-09T13:11:35","date_gmt":"2021-04-09T16:11:35","guid":{"rendered":"http:\/\/wp-paris-paris.test\/?product=inecto-crema-para-peinar-elixir-reparacion-profunda"},"modified":"2025-12-18T11:06:02","modified_gmt":"2025-12-18T14:06:02","slug":"inecto-crema-para-peinar-elixir-reparacion-profunda","status":"publish","type":"product","link":"https:\/\/parisparis.movilizame.com.ar\/?product=inecto-crema-para-peinar-elixir-reparacion-profunda","title":{"rendered":"INECTO &#8211; ELIXIR DE REPARACION PROFUNDA CREMA PARA PEINAR 300 GR"},"content":{"rendered":"<div>\n<div>La Crema para peinar Elixir de Reparaci\u00f3n Inecto ayuda a hidratar y humectar al cabello. Gracias al poder de nutrici\u00f3n de la jalea real el cabello queda sano, sedoso y brillante.<br \/>\nLas proteinas de seda forman una pel\u00edcula protectora para mantener la hidrataci\u00f3n diaria del cabello. Utilizando a diario este producto, devuelve la humectaci\u00f3n que el cabello necesita.<br \/>\nPara todo tipo de cabellos.<br \/>\nUltra liviana<br \/>\n0% PARABENOS-SIN SAL AGREGADA-NO TESTEADO EN ANIMALES<br \/>\nSin enjuague<br \/>\nContiene:<br \/>\nPROTEINAS DE SEDA<br \/>\n\u2022 Otorgan brillo y suavidad<br \/>\n\u2022 Protegen el cabello<br \/>\n\u2022 Mantienen la hidrataci\u00f3n<br \/>\nJALEA REAL<\/div>\n<\/div>\n","protected":false},"excerpt":{"rendered":"<p>La Crema para peinar Elixir de Reparaci\u00f3n Inecto ayuda a hidratar y humectar al cabello. Gracias al poder de nutrici\u00f3n&#8230;<\/p>\n","protected":false},"featured_media":7687,"comment_status":"open","ping_status":"closed","template":"","meta":[],"product_brand":[1431],"product_cat":[],"product_tag":[],"class_list":{"0":"post-6856","1":"product","2":"type-product","3":"status-publish","4":"has-post-thumbnail","6":"product_brand-inecto","8":"first","9":"instock","10":"shipping-taxable","11":"purchasable","12":"product-type-simple"},"_links":{"self":[{"href":"https:\/\/parisparis.movilizame.com.ar\/index.php?rest_route=\/wp\/v2\/product\/6856","targetHints":{"allow":["GET"]}}],"collection":[{"href":"https:\/\/parisparis.movilizame.com.ar\/index.php?rest_route=\/wp\/v2\/product"}],"about":[{"href":"https:\/\/parisparis.movilizame.com.ar\/index.php?rest_route=\/wp\/v2\/types\/product"}],"replies":[{"embeddable":true,"href":"https:\/\/parisparis.movilizame.com.ar\/index.php?rest_route=%2Fwp%2Fv2%2Fcomments&post=6856"}],"wp:featuredmedia":[{"embeddable":true,"href":"https:\/\/parisparis.movilizame.com.ar\/index.php?rest_route=\/wp\/v2\/media\/7687"}],"wp:attachment":[{"href":"https:\/\/parisparis.movilizame.com.ar\/index.php?rest_route=%2Fwp%2Fv2%2Fmedia&parent=6856"}],"wp:term":[{"taxonomy":"product_brand","embeddable":true,"href":"https:\/\/parisparis.movilizame.com.ar\/index.php?rest_route=%2Fwp%2Fv2%2Fproduct_brand&post=6856"},{"taxonomy":"product_cat","embeddable":true,"href":"https:\/\/parisparis.movilizame.com.ar\/index.php?rest_route=%2Fwp%2Fv2%2Fproduct_cat&post=6856"},{"taxonomy":"product_tag","embeddable":true,"href":"https:\/\/parisparis.movilizame.com.ar\/index.php?rest_route=%2Fwp%2Fv2%2Fproduct_tag&post=6856"}],"curies":[{"name":"wp","href":"https:\/\/api.w.org\/{rel}","templated":true}]}}