{"id":6855,"date":"2021-04-09T13:00:29","date_gmt":"2021-04-09T16:00:29","guid":{"rendered":"http:\/\/wp-paris-paris.test\/?product=inecto-shampoo-elixir-reparacion-profunda"},"modified":"2025-12-18T11:06:38","modified_gmt":"2025-12-18T14:06:38","slug":"inecto-shampoo-elixir-reparacion-profunda","status":"publish","type":"product","link":"https:\/\/parisparis.movilizame.com.ar\/?product=inecto-shampoo-elixir-reparacion-profunda","title":{"rendered":"INECTO &#8211; ELIXIR DE REPARACION PROFUNDA SHAMPOO 400 ML"},"content":{"rendered":"<p>Inecto combin\u00f3 en el BLEND ELIXIR DE REPARACI\u00d3N PROFUNDA&nbsp; la fortaleza y longevidad del \u00e1rbol de arg\u00e1n con la nutrici\u00f3n enriquecida de la jalea real, un blend ideal que le devuelve al cabello su brillo natural la humectaci\u00f3n y nutrici\u00f3n perdidas.&nbsp;&nbsp;&nbsp;&nbsp;<\/p>\n<p>ARGAN DE MOROCCO<br \/>\n\u2022 Restaura en profundidad el cabello da\u00f1ado<br \/>\n\u2022 Nutre y revitaliza el cabello desde la ra\u00edz hasta las puntas&nbsp;<br \/>\n\u2022 Hidrataci\u00f3n intensa para el pelo seco<br \/>\nJALEA REAL<br \/>\n\u2022 Shock revitalizante para el cabello Da\u00f1ado<br \/>\n\u2022 Nutrici\u00f3n Enriquecida por vitaminas y minerales propios de la jalea real<br \/>\n\u2022 Restaura el brillo natural del cabello.&nbsp; &nbsp; &nbsp; &nbsp; &nbsp; &nbsp; &nbsp; &nbsp; &nbsp; &nbsp; &nbsp; &nbsp; &nbsp; &nbsp;<\/p>\n","protected":false},"excerpt":{"rendered":"<p>Inecto combin\u00f3 en el BLEND ELIXIR DE REPARACI\u00d3N PROFUNDA&nbsp; la fortaleza y longevidad del \u00e1rbol de arg\u00e1n con la nutrici\u00f3n&#8230;<\/p>\n","protected":false},"featured_media":7686,"comment_status":"open","ping_status":"closed","template":"","meta":[],"product_brand":[1431],"product_cat":[],"product_tag":[],"class_list":{"0":"post-6855","1":"product","2":"type-product","3":"status-publish","4":"has-post-thumbnail","6":"product_brand-inecto","8":"first","9":"instock","10":"shipping-taxable","11":"purchasable","12":"product-type-simple"},"_links":{"self":[{"href":"https:\/\/parisparis.movilizame.com.ar\/index.php?rest_route=\/wp\/v2\/product\/6855","targetHints":{"allow":["GET"]}}],"collection":[{"href":"https:\/\/parisparis.movilizame.com.ar\/index.php?rest_route=\/wp\/v2\/product"}],"about":[{"href":"https:\/\/parisparis.movilizame.com.ar\/index.php?rest_route=\/wp\/v2\/types\/product"}],"replies":[{"embeddable":true,"href":"https:\/\/parisparis.movilizame.com.ar\/index.php?rest_route=%2Fwp%2Fv2%2Fcomments&post=6855"}],"wp:featuredmedia":[{"embeddable":true,"href":"https:\/\/parisparis.movilizame.com.ar\/index.php?rest_route=\/wp\/v2\/media\/7686"}],"wp:attachment":[{"href":"https:\/\/parisparis.movilizame.com.ar\/index.php?rest_route=%2Fwp%2Fv2%2Fmedia&parent=6855"}],"wp:term":[{"taxonomy":"product_brand","embeddable":true,"href":"https:\/\/parisparis.movilizame.com.ar\/index.php?rest_route=%2Fwp%2Fv2%2Fproduct_brand&post=6855"},{"taxonomy":"product_cat","embeddable":true,"href":"https:\/\/parisparis.movilizame.com.ar\/index.php?rest_route=%2Fwp%2Fv2%2Fproduct_cat&post=6855"},{"taxonomy":"product_tag","embeddable":true,"href":"https:\/\/parisparis.movilizame.com.ar\/index.php?rest_route=%2Fwp%2Fv2%2Fproduct_tag&post=6855"}],"curies":[{"name":"wp","href":"https:\/\/api.w.org\/{rel}","templated":true}]}}