{"id":6854,"date":"2021-04-07T15:31:14","date_gmt":"2021-04-07T18:31:14","guid":{"rendered":"http:\/\/wp-paris-paris.test\/?product=claridge-colorante-capilar"},"modified":"2025-12-17T18:50:11","modified_gmt":"2025-12-17T21:50:11","slug":"claridge-colorante-capilar","status":"publish","type":"product","link":"https:\/\/parisparis.movilizame.com.ar\/?product=claridge-colorante-capilar","title":{"rendered":"CLARIDGE &#8211; TINTURA CAPILAR CON AMONIACO"},"content":{"rendered":"<p>Kit de coloraci\u00f3n capilar permanente.<\/p>\n<p>-100% cobertura de Canas<br \/>\n-Colores vibrantes, intensos y duraderos<br \/>\n-Resultados Profesionales<br \/>\n-Extra brillo<br \/>\n-Extra fijaci\u00f3n<br \/>\n-Coloraci\u00f3n con Keratina y vitamina C.<\/p>\n<p>Incluye todos los elementos necesarios para el te\u00f1ido y cuidado de tu cabello.<\/p>\n<p>CONTENIDO DEL KIT:<\/p>\n<p>Emulsi\u00f3n Activadora x 75 ml<br \/>\nPomo color x 75 gr<br \/>\nTratamiento post coloraci\u00f3n keratinizante<br \/>\nTratamiento keratinizante prolongador del color<br \/>\nGuantes<br \/>\nFolleto instructivo<\/p>\n<p>MODO DE USO:<\/p>\n<p>Colocar el pomo de coloraci\u00f3n Claridge dentro del frasco activador de color, mezclar hasta obtener una crema homog\u00e9nea. Separar el cabello en 4 partes y colocar la coloraci\u00f3n comenzando desde las ra\u00edces hacia abajo.<\/p>\n<p>Dejar actuar 30 minutos, enjuagar con abundante agua tibia y luego colocar el tratamiento Keratinizante post coloraci\u00f3n dejarlo actuar unos minutos y enjuagar. A los 15 dias colocar el tratamiento Keratinizante para mantener el color.<\/p>\n<p>Para un color mas duradero recomendamos lavar el cabello diariamente con la l\u00ednea capilar de Claridge Proactive.<\/p>\n<p>&nbsp;<\/p>\n<p>CONSULTAR CARTA DE COLORES<\/p>\n","protected":false},"excerpt":{"rendered":"<p>Kit de coloraci\u00f3n capilar permanente. -100% cobertura de Canas -Colores vibrantes, intensos y duraderos -Resultados Profesionales -Extra brillo -Extra fijaci\u00f3n&#8230;<\/p>\n","protected":false},"featured_media":7685,"comment_status":"open","ping_status":"closed","template":"","meta":[],"product_brand":[1427],"product_cat":[1379],"product_tag":[],"class_list":{"0":"post-6854","1":"product","2":"type-product","3":"status-publish","4":"has-post-thumbnail","6":"product_brand-claridge","7":"product_cat-capilar","9":"first","10":"instock","11":"shipping-taxable","12":"purchasable","13":"product-type-simple"},"_links":{"self":[{"href":"https:\/\/parisparis.movilizame.com.ar\/index.php?rest_route=\/wp\/v2\/product\/6854","targetHints":{"allow":["GET"]}}],"collection":[{"href":"https:\/\/parisparis.movilizame.com.ar\/index.php?rest_route=\/wp\/v2\/product"}],"about":[{"href":"https:\/\/parisparis.movilizame.com.ar\/index.php?rest_route=\/wp\/v2\/types\/product"}],"replies":[{"embeddable":true,"href":"https:\/\/parisparis.movilizame.com.ar\/index.php?rest_route=%2Fwp%2Fv2%2Fcomments&post=6854"}],"wp:featuredmedia":[{"embeddable":true,"href":"https:\/\/parisparis.movilizame.com.ar\/index.php?rest_route=\/wp\/v2\/media\/7685"}],"wp:attachment":[{"href":"https:\/\/parisparis.movilizame.com.ar\/index.php?rest_route=%2Fwp%2Fv2%2Fmedia&parent=6854"}],"wp:term":[{"taxonomy":"product_brand","embeddable":true,"href":"https:\/\/parisparis.movilizame.com.ar\/index.php?rest_route=%2Fwp%2Fv2%2Fproduct_brand&post=6854"},{"taxonomy":"product_cat","embeddable":true,"href":"https:\/\/parisparis.movilizame.com.ar\/index.php?rest_route=%2Fwp%2Fv2%2Fproduct_cat&post=6854"},{"taxonomy":"product_tag","embeddable":true,"href":"https:\/\/parisparis.movilizame.com.ar\/index.php?rest_route=%2Fwp%2Fv2%2Fproduct_tag&post=6854"}],"curies":[{"name":"wp","href":"https:\/\/api.w.org\/{rel}","templated":true}]}}