{"id":6852,"date":"2021-03-29T20:31:18","date_gmt":"2021-03-29T23:31:18","guid":{"rendered":"http:\/\/wp-paris-paris.test\/?product=sally-hansen-complete-care-7-in-1"},"modified":"2025-11-04T11:27:00","modified_gmt":"2025-11-04T14:27:00","slug":"sally-hansen-complete-care-7-in-1","status":"publish","type":"product","link":"https:\/\/parisparis.movilizame.com.ar\/?product=sally-hansen-complete-care-7-in-1","title":{"rendered":"SALLY HANSEN &#8211; Complete Care 7 in 1"},"content":{"rendered":"<p>7 beneficios:<\/p>\n<p>: 1. Base<\/p>\n<p>. 2. Capa protectora.<\/p>\n<p>3. Acelerador de crecimiento.<\/p>\n<p>4. Fortalecedor.<\/p>\n<p>5. Rellena grietas.<\/p>\n<p>6. Proporciona brillo.<\/p>\n<p>7. Ultra hidratante.<\/p>\n<p>&nbsp;<\/p>\n<p>\u2022 U\u00f1as visiblemente m\u00e1s sanas en 3 d\u00edas. \u2022 Humecta, rellena y ayuda a prevenir las manchas. \u2022 Brillo puro hasta 10 d\u00edas!<\/p>\n","protected":false},"excerpt":{"rendered":"<p>7 beneficios: : 1. Base . 2. Capa protectora. 3. Acelerador de crecimiento. 4. Fortalecedor. 5. Rellena grietas. 6. Proporciona&#8230;<\/p>\n","protected":false},"featured_media":7683,"comment_status":"open","ping_status":"closed","template":"","meta":[],"product_brand":[1437],"product_cat":[],"product_tag":[],"class_list":{"0":"post-6852","1":"product","2":"type-product","3":"status-publish","4":"has-post-thumbnail","6":"product_brand-sally-hansen","8":"first","9":"instock","10":"shipping-taxable","11":"purchasable","12":"product-type-simple"},"_links":{"self":[{"href":"https:\/\/parisparis.movilizame.com.ar\/index.php?rest_route=\/wp\/v2\/product\/6852","targetHints":{"allow":["GET"]}}],"collection":[{"href":"https:\/\/parisparis.movilizame.com.ar\/index.php?rest_route=\/wp\/v2\/product"}],"about":[{"href":"https:\/\/parisparis.movilizame.com.ar\/index.php?rest_route=\/wp\/v2\/types\/product"}],"replies":[{"embeddable":true,"href":"https:\/\/parisparis.movilizame.com.ar\/index.php?rest_route=%2Fwp%2Fv2%2Fcomments&post=6852"}],"wp:featuredmedia":[{"embeddable":true,"href":"https:\/\/parisparis.movilizame.com.ar\/index.php?rest_route=\/wp\/v2\/media\/7683"}],"wp:attachment":[{"href":"https:\/\/parisparis.movilizame.com.ar\/index.php?rest_route=%2Fwp%2Fv2%2Fmedia&parent=6852"}],"wp:term":[{"taxonomy":"product_brand","embeddable":true,"href":"https:\/\/parisparis.movilizame.com.ar\/index.php?rest_route=%2Fwp%2Fv2%2Fproduct_brand&post=6852"},{"taxonomy":"product_cat","embeddable":true,"href":"https:\/\/parisparis.movilizame.com.ar\/index.php?rest_route=%2Fwp%2Fv2%2Fproduct_cat&post=6852"},{"taxonomy":"product_tag","embeddable":true,"href":"https:\/\/parisparis.movilizame.com.ar\/index.php?rest_route=%2Fwp%2Fv2%2Fproduct_tag&post=6852"}],"curies":[{"name":"wp","href":"https:\/\/api.w.org\/{rel}","templated":true}]}}