{"id":6851,"date":"2021-03-29T20:19:50","date_gmt":"2021-03-29T23:19:50","guid":{"rendered":"http:\/\/wp-paris-paris.test\/?product=sally-hansen-insta-dri-top-coat"},"modified":"2025-11-04T11:27:00","modified_gmt":"2025-11-04T14:27:00","slug":"sally-hansen-insta-dri-top-coat","status":"publish","type":"product","link":"https:\/\/parisparis.movilizame.com.ar\/?product=sally-hansen-insta-dri-top-coat","title":{"rendered":"SALLY HANSEN &#8211; Insta-dri Top Coat"},"content":{"rendered":"<p>Capa protectora y de secado r\u00e1pido.<\/p>\n<p>Exclusiva f\u00f3rmula con pol\u00edmeros acr\u00edlicos que endurece y seca cualquier esmalte de color.<\/p>\n<p>Seca al tacto en solo 30 segundos.<\/p>\n<p>F\u00f3rmula con doble filtro UV que protege el color.<\/p>\n","protected":false},"excerpt":{"rendered":"<p>Capa protectora y de secado r\u00e1pido. Exclusiva f\u00f3rmula con pol\u00edmeros acr\u00edlicos que endurece y seca cualquier esmalte de color. Seca&#8230;<\/p>\n","protected":false},"featured_media":7682,"comment_status":"open","ping_status":"closed","template":"","meta":[],"product_brand":[1437],"product_cat":[],"product_tag":[],"class_list":{"0":"post-6851","1":"product","2":"type-product","3":"status-publish","4":"has-post-thumbnail","6":"product_brand-sally-hansen","8":"first","9":"instock","10":"shipping-taxable","11":"purchasable","12":"product-type-simple"},"_links":{"self":[{"href":"https:\/\/parisparis.movilizame.com.ar\/index.php?rest_route=\/wp\/v2\/product\/6851","targetHints":{"allow":["GET"]}}],"collection":[{"href":"https:\/\/parisparis.movilizame.com.ar\/index.php?rest_route=\/wp\/v2\/product"}],"about":[{"href":"https:\/\/parisparis.movilizame.com.ar\/index.php?rest_route=\/wp\/v2\/types\/product"}],"replies":[{"embeddable":true,"href":"https:\/\/parisparis.movilizame.com.ar\/index.php?rest_route=%2Fwp%2Fv2%2Fcomments&post=6851"}],"wp:featuredmedia":[{"embeddable":true,"href":"https:\/\/parisparis.movilizame.com.ar\/index.php?rest_route=\/wp\/v2\/media\/7682"}],"wp:attachment":[{"href":"https:\/\/parisparis.movilizame.com.ar\/index.php?rest_route=%2Fwp%2Fv2%2Fmedia&parent=6851"}],"wp:term":[{"taxonomy":"product_brand","embeddable":true,"href":"https:\/\/parisparis.movilizame.com.ar\/index.php?rest_route=%2Fwp%2Fv2%2Fproduct_brand&post=6851"},{"taxonomy":"product_cat","embeddable":true,"href":"https:\/\/parisparis.movilizame.com.ar\/index.php?rest_route=%2Fwp%2Fv2%2Fproduct_cat&post=6851"},{"taxonomy":"product_tag","embeddable":true,"href":"https:\/\/parisparis.movilizame.com.ar\/index.php?rest_route=%2Fwp%2Fv2%2Fproduct_tag&post=6851"}],"curies":[{"name":"wp","href":"https:\/\/api.w.org\/{rel}","templated":true}]}}