{"id":6849,"date":"2021-03-26T21:47:57","date_gmt":"2021-03-27T00:47:57","guid":{"rendered":"http:\/\/wp-paris-paris.test\/?product=capilatis-hair-therapy-mascarilla-capilar-lifting-capilar"},"modified":"2026-02-03T12:41:23","modified_gmt":"2026-02-03T15:41:23","slug":"capilatis-hair-therapy-mascarilla-capilar-lifting-capilar","status":"publish","type":"product","link":"https:\/\/parisparis.movilizame.com.ar\/?product=capilatis-hair-therapy-mascarilla-capilar-lifting-capilar","title":{"rendered":"CAPILATIS &#8211; HIALURONICO + COLAGENO MASCARILLA 170 GR"},"content":{"rendered":"<p>Mascarilla de reconstrucci\u00f3n intensiva que repara el cabello desde el interior, suavizando la cut\u00edcula y densificando la fibra capilar. Efecto hidro-nutritivo intenso que asegura un control total del frizz logrando un cabello flexible y disciplinado. F\u00f3rmula enriquecida con \u00c1cido Hialur\u00f3nico, Arginina y \u00c1cido L\u00e1ctico, componentes capaces de restaurar los niveles naturales de humedad del cabello y de expandir la fibra capilar. Esto permite que el cabello se torne m\u00e1s denso, luzca con m\u00e1s cuerpo y exprese un brillo absoluto, logrando as\u00ed un verdadero rejuvenecimiento capilar.<\/p>\n","protected":false},"excerpt":{"rendered":"<p>Mascarilla de reconstrucci\u00f3n intensiva que repara el cabello desde el interior, suavizando la cut\u00edcula y densificando la fibra capilar. Efecto&#8230;<\/p>\n","protected":false},"featured_media":7680,"comment_status":"open","ping_status":"closed","template":"","meta":[],"product_brand":[1458],"product_cat":[],"product_tag":[],"class_list":{"0":"post-6849","1":"product","2":"type-product","3":"status-publish","4":"has-post-thumbnail","6":"product_brand-capilatis","8":"first","9":"instock","10":"shipping-taxable","11":"purchasable","12":"product-type-simple"},"_links":{"self":[{"href":"https:\/\/parisparis.movilizame.com.ar\/index.php?rest_route=\/wp\/v2\/product\/6849","targetHints":{"allow":["GET"]}}],"collection":[{"href":"https:\/\/parisparis.movilizame.com.ar\/index.php?rest_route=\/wp\/v2\/product"}],"about":[{"href":"https:\/\/parisparis.movilizame.com.ar\/index.php?rest_route=\/wp\/v2\/types\/product"}],"replies":[{"embeddable":true,"href":"https:\/\/parisparis.movilizame.com.ar\/index.php?rest_route=%2Fwp%2Fv2%2Fcomments&post=6849"}],"wp:featuredmedia":[{"embeddable":true,"href":"https:\/\/parisparis.movilizame.com.ar\/index.php?rest_route=\/wp\/v2\/media\/7680"}],"wp:attachment":[{"href":"https:\/\/parisparis.movilizame.com.ar\/index.php?rest_route=%2Fwp%2Fv2%2Fmedia&parent=6849"}],"wp:term":[{"taxonomy":"product_brand","embeddable":true,"href":"https:\/\/parisparis.movilizame.com.ar\/index.php?rest_route=%2Fwp%2Fv2%2Fproduct_brand&post=6849"},{"taxonomy":"product_cat","embeddable":true,"href":"https:\/\/parisparis.movilizame.com.ar\/index.php?rest_route=%2Fwp%2Fv2%2Fproduct_cat&post=6849"},{"taxonomy":"product_tag","embeddable":true,"href":"https:\/\/parisparis.movilizame.com.ar\/index.php?rest_route=%2Fwp%2Fv2%2Fproduct_tag&post=6849"}],"curies":[{"name":"wp","href":"https:\/\/api.w.org\/{rel}","templated":true}]}}