{"id":6833,"date":"2021-03-13T13:12:15","date_gmt":"2021-03-13T16:12:15","guid":{"rendered":"http:\/\/wp-paris-paris.test\/?product=benetton-sisterland-red-rose-edt-x-80-ml"},"modified":"2026-02-25T19:11:28","modified_gmt":"2026-02-25T22:11:28","slug":"benetton-sisterland-red-rose-edt-x-80-ml","status":"publish","type":"product","link":"https:\/\/parisparis.movilizame.com.ar\/?product=benetton-sisterland-red-rose-edt-x-80-ml","title":{"rendered":"BENETTON &#8211; SISTERLAND RED ROSE EDT 80 ML"},"content":{"rendered":"<p>Sisterland es la nueva colecci\u00f3n de fragancias de Benetton inspirada en la amistad femenina. Red Rose, es la versi\u00f3n m\u00e1s dulce, delicada ye spont\u00e1nea de las Sisters. Es la amiga apasionada, intensa, sensual y mucha personalidad.<\/p>\n<p>&nbsp;<\/p>\n<p>Notas de Salida: durazno (melocot\u00f3n) y toronja (pomelo).<\/p>\n<p>Notas de Coraz\u00f3n: flor de iris y rosa.<\/p>\n<p>Notas de Fondo: pralin\u00e9 y \u00e1mbar.<\/p>\n","protected":false},"excerpt":{"rendered":"<p>Sisterland es la nueva colecci\u00f3n de fragancias de Benetton inspirada en la amistad femenina. Red Rose, es la versi\u00f3n m\u00e1s&#8230;<\/p>\n","protected":false},"featured_media":7666,"comment_status":"open","ping_status":"closed","template":"","meta":[],"product_brand":[1421],"product_cat":[],"product_tag":[],"class_list":{"0":"post-6833","1":"product","2":"type-product","3":"status-publish","4":"has-post-thumbnail","6":"product_brand-benetton","8":"first","9":"instock","10":"shipping-taxable","11":"purchasable","12":"product-type-simple"},"_links":{"self":[{"href":"https:\/\/parisparis.movilizame.com.ar\/index.php?rest_route=\/wp\/v2\/product\/6833","targetHints":{"allow":["GET"]}}],"collection":[{"href":"https:\/\/parisparis.movilizame.com.ar\/index.php?rest_route=\/wp\/v2\/product"}],"about":[{"href":"https:\/\/parisparis.movilizame.com.ar\/index.php?rest_route=\/wp\/v2\/types\/product"}],"replies":[{"embeddable":true,"href":"https:\/\/parisparis.movilizame.com.ar\/index.php?rest_route=%2Fwp%2Fv2%2Fcomments&post=6833"}],"wp:featuredmedia":[{"embeddable":true,"href":"https:\/\/parisparis.movilizame.com.ar\/index.php?rest_route=\/wp\/v2\/media\/7666"}],"wp:attachment":[{"href":"https:\/\/parisparis.movilizame.com.ar\/index.php?rest_route=%2Fwp%2Fv2%2Fmedia&parent=6833"}],"wp:term":[{"taxonomy":"product_brand","embeddable":true,"href":"https:\/\/parisparis.movilizame.com.ar\/index.php?rest_route=%2Fwp%2Fv2%2Fproduct_brand&post=6833"},{"taxonomy":"product_cat","embeddable":true,"href":"https:\/\/parisparis.movilizame.com.ar\/index.php?rest_route=%2Fwp%2Fv2%2Fproduct_cat&post=6833"},{"taxonomy":"product_tag","embeddable":true,"href":"https:\/\/parisparis.movilizame.com.ar\/index.php?rest_route=%2Fwp%2Fv2%2Fproduct_tag&post=6833"}],"curies":[{"name":"wp","href":"https:\/\/api.w.org\/{rel}","templated":true}]}}