{"id":6828,"date":"2021-02-24T13:58:01","date_gmt":"2021-02-24T16:58:01","guid":{"rendered":"http:\/\/wp-paris-paris.test\/?product=dorothy-gray-corrector-en-barra"},"modified":"2025-12-15T18:27:52","modified_gmt":"2025-12-15T21:27:52","slug":"dorothy-gray-corrector-en-barra","status":"publish","type":"product","link":"https:\/\/parisparis.movilizame.com.ar\/?product=dorothy-gray-corrector-en-barra","title":{"rendered":"DOROTHY GRAY &#8211; CORRECTORES DE OJERAS EN BARRA"},"content":{"rendered":"<p>Cubre cualquier tipo de imperfecci\u00f3n. Se recomienda aplicar una peque\u00f1a cantidad en la zona a cubrir para discimular l\u00edneas de expresi\u00f3n y elegir un tono m\u00e1s claro que el de tu piel.&nbsp;<\/p>\n<p>Consultar tonos disponibles<\/p>\n","protected":false},"excerpt":{"rendered":"<p>Cubre cualquier tipo de imperfecci\u00f3n. Se recomienda aplicar una peque\u00f1a cantidad en la zona a cubrir para discimular l\u00edneas de&#8230;<\/p>\n","protected":false},"featured_media":7664,"comment_status":"open","ping_status":"closed","template":"","meta":[],"product_brand":[1433],"product_cat":[],"product_tag":[],"class_list":{"0":"post-6828","1":"product","2":"type-product","3":"status-publish","4":"has-post-thumbnail","6":"product_brand-dorothy-gray","8":"first","9":"instock","10":"shipping-taxable","11":"purchasable","12":"product-type-simple"},"_links":{"self":[{"href":"https:\/\/parisparis.movilizame.com.ar\/index.php?rest_route=\/wp\/v2\/product\/6828","targetHints":{"allow":["GET"]}}],"collection":[{"href":"https:\/\/parisparis.movilizame.com.ar\/index.php?rest_route=\/wp\/v2\/product"}],"about":[{"href":"https:\/\/parisparis.movilizame.com.ar\/index.php?rest_route=\/wp\/v2\/types\/product"}],"replies":[{"embeddable":true,"href":"https:\/\/parisparis.movilizame.com.ar\/index.php?rest_route=%2Fwp%2Fv2%2Fcomments&post=6828"}],"wp:featuredmedia":[{"embeddable":true,"href":"https:\/\/parisparis.movilizame.com.ar\/index.php?rest_route=\/wp\/v2\/media\/7664"}],"wp:attachment":[{"href":"https:\/\/parisparis.movilizame.com.ar\/index.php?rest_route=%2Fwp%2Fv2%2Fmedia&parent=6828"}],"wp:term":[{"taxonomy":"product_brand","embeddable":true,"href":"https:\/\/parisparis.movilizame.com.ar\/index.php?rest_route=%2Fwp%2Fv2%2Fproduct_brand&post=6828"},{"taxonomy":"product_cat","embeddable":true,"href":"https:\/\/parisparis.movilizame.com.ar\/index.php?rest_route=%2Fwp%2Fv2%2Fproduct_cat&post=6828"},{"taxonomy":"product_tag","embeddable":true,"href":"https:\/\/parisparis.movilizame.com.ar\/index.php?rest_route=%2Fwp%2Fv2%2Fproduct_tag&post=6828"}],"curies":[{"name":"wp","href":"https:\/\/api.w.org\/{rel}","templated":true}]}}