{"id":6825,"date":"2021-02-24T12:54:48","date_gmt":"2021-02-24T15:54:48","guid":{"rendered":"http:\/\/wp-paris-paris.test\/?product=superstay-matte-ink-crayon"},"modified":"2025-11-04T11:31:51","modified_gmt":"2025-11-04T14:31:51","slug":"superstay-matte-ink-crayon","status":"publish","type":"product","link":"https:\/\/parisparis.movilizame.com.ar\/?product=superstay-matte-ink-crayon","title":{"rendered":"MAYBELLINE &#8211; Superstay Matte Ink Crayon"},"content":{"rendered":"<p><strong>Consultar tonos disponibles<\/strong><\/p>\n<p>Labiales SuperStay Matte Ink formato cray\u00f3n. Poseen un acabado matte y de larga duraci\u00f3n! La f\u00f3rmula ultra ligera se adapta a tus labios. Su aplicador en forma de cray\u00f3n te permite perfilar el labio antes de rellenar dando m\u00e1s volumen a los labios.<\/p>\n<p>&nbsp;<\/p>\n","protected":false},"excerpt":{"rendered":"<p>Consultar tonos disponibles Labiales SuperStay Matte Ink formato cray\u00f3n. Poseen un acabado matte y de larga duraci\u00f3n! La f\u00f3rmula ultra&#8230;<\/p>\n","protected":false},"featured_media":7661,"comment_status":"open","ping_status":"closed","template":"","meta":[],"product_brand":[1429],"product_cat":[],"product_tag":[],"class_list":{"0":"post-6825","1":"product","2":"type-product","3":"status-publish","4":"has-post-thumbnail","6":"product_brand-maybelline","8":"first","9":"instock","10":"shipping-taxable","11":"purchasable","12":"product-type-simple"},"_links":{"self":[{"href":"https:\/\/parisparis.movilizame.com.ar\/index.php?rest_route=\/wp\/v2\/product\/6825","targetHints":{"allow":["GET"]}}],"collection":[{"href":"https:\/\/parisparis.movilizame.com.ar\/index.php?rest_route=\/wp\/v2\/product"}],"about":[{"href":"https:\/\/parisparis.movilizame.com.ar\/index.php?rest_route=\/wp\/v2\/types\/product"}],"replies":[{"embeddable":true,"href":"https:\/\/parisparis.movilizame.com.ar\/index.php?rest_route=%2Fwp%2Fv2%2Fcomments&post=6825"}],"wp:featuredmedia":[{"embeddable":true,"href":"https:\/\/parisparis.movilizame.com.ar\/index.php?rest_route=\/wp\/v2\/media\/7661"}],"wp:attachment":[{"href":"https:\/\/parisparis.movilizame.com.ar\/index.php?rest_route=%2Fwp%2Fv2%2Fmedia&parent=6825"}],"wp:term":[{"taxonomy":"product_brand","embeddable":true,"href":"https:\/\/parisparis.movilizame.com.ar\/index.php?rest_route=%2Fwp%2Fv2%2Fproduct_brand&post=6825"},{"taxonomy":"product_cat","embeddable":true,"href":"https:\/\/parisparis.movilizame.com.ar\/index.php?rest_route=%2Fwp%2Fv2%2Fproduct_cat&post=6825"},{"taxonomy":"product_tag","embeddable":true,"href":"https:\/\/parisparis.movilizame.com.ar\/index.php?rest_route=%2Fwp%2Fv2%2Fproduct_tag&post=6825"}],"curies":[{"name":"wp","href":"https:\/\/api.w.org\/{rel}","templated":true}]}}