{"id":6817,"date":"2021-02-20T15:19:08","date_gmt":"2021-02-20T18:19:08","guid":{"rendered":"http:\/\/wp-paris-paris.test\/?product=kit-de-contorno-maybelline-master-contour-face-contouring-kit"},"modified":"2025-11-04T11:32:36","modified_gmt":"2025-11-04T14:32:36","slug":"kit-de-contorno-maybelline-master-contour-face-contouring-kit","status":"publish","type":"product","link":"https:\/\/parisparis.movilizame.com.ar\/?product=kit-de-contorno-maybelline-master-contour-face-contouring-kit","title":{"rendered":"MAYBELLINE &#8211; KIT DE CONTORNO Master Contour Face Contouring Kit"},"content":{"rendered":"<p>Paleta contorneadora con 3 tonos: un tonalizador, un rubor y un iluminador.<\/p>\n<p>F\u00f3rmula en polvo.<\/p>\n<p>Contouring f\u00e1cil y r\u00e1pido.<\/p>\n<p>Sus tonalidades son regulables, se puede ajustar la intensidad del efecto deseado ajustando la aplicaci\u00f3n de producto. F\u00e1cil de difuminar. Para todo tipo de piel. Adecuado para cualquier nivel de habilidad.<\/p>\n","protected":false},"excerpt":{"rendered":"<p>Paleta contorneadora con 3 tonos: un tonalizador, un rubor y un iluminador. F\u00f3rmula en polvo. Contouring f\u00e1cil y r\u00e1pido. Sus&#8230;<\/p>\n","protected":false},"featured_media":7656,"comment_status":"open","ping_status":"closed","template":"","meta":[],"product_brand":[1429],"product_cat":[],"product_tag":[],"class_list":{"0":"post-6817","1":"product","2":"type-product","3":"status-publish","4":"has-post-thumbnail","6":"product_brand-maybelline","8":"first","9":"instock","10":"shipping-taxable","11":"purchasable","12":"product-type-simple"},"_links":{"self":[{"href":"https:\/\/parisparis.movilizame.com.ar\/index.php?rest_route=\/wp\/v2\/product\/6817","targetHints":{"allow":["GET"]}}],"collection":[{"href":"https:\/\/parisparis.movilizame.com.ar\/index.php?rest_route=\/wp\/v2\/product"}],"about":[{"href":"https:\/\/parisparis.movilizame.com.ar\/index.php?rest_route=\/wp\/v2\/types\/product"}],"replies":[{"embeddable":true,"href":"https:\/\/parisparis.movilizame.com.ar\/index.php?rest_route=%2Fwp%2Fv2%2Fcomments&post=6817"}],"wp:featuredmedia":[{"embeddable":true,"href":"https:\/\/parisparis.movilizame.com.ar\/index.php?rest_route=\/wp\/v2\/media\/7656"}],"wp:attachment":[{"href":"https:\/\/parisparis.movilizame.com.ar\/index.php?rest_route=%2Fwp%2Fv2%2Fmedia&parent=6817"}],"wp:term":[{"taxonomy":"product_brand","embeddable":true,"href":"https:\/\/parisparis.movilizame.com.ar\/index.php?rest_route=%2Fwp%2Fv2%2Fproduct_brand&post=6817"},{"taxonomy":"product_cat","embeddable":true,"href":"https:\/\/parisparis.movilizame.com.ar\/index.php?rest_route=%2Fwp%2Fv2%2Fproduct_cat&post=6817"},{"taxonomy":"product_tag","embeddable":true,"href":"https:\/\/parisparis.movilizame.com.ar\/index.php?rest_route=%2Fwp%2Fv2%2Fproduct_tag&post=6817"}],"curies":[{"name":"wp","href":"https:\/\/api.w.org\/{rel}","templated":true}]}}