{"id":6789,"date":"2020-12-04T21:13:54","date_gmt":"2020-12-05T00:13:54","guid":{"rendered":"http:\/\/wp-paris-paris.test\/?product=davidoff-cool-water-men-edt-125-ml-x-125-ml"},"modified":"2025-11-15T10:49:38","modified_gmt":"2025-11-15T13:49:38","slug":"davidoff-cool-water-men-edt-125-ml-x-125-ml","status":"publish","type":"product","link":"https:\/\/parisparis.movilizame.com.ar\/?product=davidoff-cool-water-men-edt-125-ml-x-125-ml","title":{"rendered":"DAVIDOFF &#8211; COOL WATER MEN EDT 125 ML"},"content":{"rendered":"<p>Davidoff Cool Water Eau de Toilette. Inspirado en la frescura del oceano. La fuerza de las aguas profundas y la masculinidad pura se encarnan en esta ic\u00f3nica fragancia. La esencia masculina se desarrolla con notas arom\u00e1ticas de menta y lavanda, mezcladas con la sensualidad del \u00e1mbar. Una composici\u00f3n \u00fanica que aporta un frescor inmediato. Combinaci\u00f3n definitiva de frescura, poder y seducci\u00f3n.<\/p>\n<p><strong>Notas de salida:<\/strong>\u00a0Agua de mar, lavanda, menta, notas verdes, romero, calone y cilantro.<br \/>\n<strong>Notas de coraz\u00f3n:<\/strong>\u00a0S\u00e1ndalo, neroli, geranio y jazm\u00edn.<br \/>\n<strong>Notas de fondo:<\/strong>\u00a0Almizcle, tabaco, musgo de roble, cedro y \u00e1mbar.<\/p>\n<p>&nbsp;<\/p>\n","protected":false},"excerpt":{"rendered":"<p>Davidoff Cool Water Eau de Toilette. Inspirado en la frescura del oceano. La fuerza de las aguas profundas y la&#8230;<\/p>\n","protected":false},"featured_media":7638,"comment_status":"open","ping_status":"closed","template":"","meta":[],"product_brand":[1485],"product_cat":[],"product_tag":[],"class_list":{"0":"post-6789","1":"product","2":"type-product","3":"status-publish","4":"has-post-thumbnail","6":"product_brand-davidoff","8":"first","9":"instock","10":"shipping-taxable","11":"purchasable","12":"product-type-simple"},"_links":{"self":[{"href":"https:\/\/parisparis.movilizame.com.ar\/index.php?rest_route=\/wp\/v2\/product\/6789","targetHints":{"allow":["GET"]}}],"collection":[{"href":"https:\/\/parisparis.movilizame.com.ar\/index.php?rest_route=\/wp\/v2\/product"}],"about":[{"href":"https:\/\/parisparis.movilizame.com.ar\/index.php?rest_route=\/wp\/v2\/types\/product"}],"replies":[{"embeddable":true,"href":"https:\/\/parisparis.movilizame.com.ar\/index.php?rest_route=%2Fwp%2Fv2%2Fcomments&post=6789"}],"wp:featuredmedia":[{"embeddable":true,"href":"https:\/\/parisparis.movilizame.com.ar\/index.php?rest_route=\/wp\/v2\/media\/7638"}],"wp:attachment":[{"href":"https:\/\/parisparis.movilizame.com.ar\/index.php?rest_route=%2Fwp%2Fv2%2Fmedia&parent=6789"}],"wp:term":[{"taxonomy":"product_brand","embeddable":true,"href":"https:\/\/parisparis.movilizame.com.ar\/index.php?rest_route=%2Fwp%2Fv2%2Fproduct_brand&post=6789"},{"taxonomy":"product_cat","embeddable":true,"href":"https:\/\/parisparis.movilizame.com.ar\/index.php?rest_route=%2Fwp%2Fv2%2Fproduct_cat&post=6789"},{"taxonomy":"product_tag","embeddable":true,"href":"https:\/\/parisparis.movilizame.com.ar\/index.php?rest_route=%2Fwp%2Fv2%2Fproduct_tag&post=6789"}],"curies":[{"name":"wp","href":"https:\/\/api.w.org\/{rel}","templated":true}]}}