{"id":6787,"date":"2020-11-06T22:32:23","date_gmt":"2020-11-07T01:32:23","guid":{"rendered":"http:\/\/wp-paris-paris.test\/?product=kenzo-jungle-homme-edt"},"modified":"2025-11-28T17:37:46","modified_gmt":"2025-11-28T20:37:46","slug":"kenzo-jungle-homme-edt","status":"publish","type":"product","link":"https:\/\/parisparis.movilizame.com.ar\/?product=kenzo-jungle-homme-edt","title":{"rendered":"KENZO &#8211; JUNGLE HOMME EDT 100 ML"},"content":{"rendered":"<p>Las <strong>Notas<\/strong> de Salida son canela, lima (lim\u00f3n verde), bergamota y lim\u00f3n (lima \u00e1cida); las <strong>Notas<\/strong> de Coraz\u00f3n son nuez moscada, cardamomo, pimienta, yerba mate, clavel y \u00e1mbar; las <strong>Notas<\/strong> de Fondo son madera de gaiac, s\u00e1ndalo, cedro, benju\u00ed y vetiver.<\/p>\n","protected":false},"excerpt":{"rendered":"<p>Las Notas de Salida son canela, lima (lim\u00f3n verde), bergamota y lim\u00f3n (lima \u00e1cida); las Notas de Coraz\u00f3n son nuez&#8230;<\/p>\n","protected":false},"featured_media":7636,"comment_status":"open","ping_status":"closed","template":"","meta":[],"product_brand":[1491],"product_cat":[],"product_tag":[],"class_list":{"0":"post-6787","1":"product","2":"type-product","3":"status-publish","4":"has-post-thumbnail","6":"product_brand-kenzo","8":"first","9":"outofstock","10":"shipping-taxable","11":"purchasable","12":"product-type-simple"},"_links":{"self":[{"href":"https:\/\/parisparis.movilizame.com.ar\/index.php?rest_route=\/wp\/v2\/product\/6787","targetHints":{"allow":["GET"]}}],"collection":[{"href":"https:\/\/parisparis.movilizame.com.ar\/index.php?rest_route=\/wp\/v2\/product"}],"about":[{"href":"https:\/\/parisparis.movilizame.com.ar\/index.php?rest_route=\/wp\/v2\/types\/product"}],"replies":[{"embeddable":true,"href":"https:\/\/parisparis.movilizame.com.ar\/index.php?rest_route=%2Fwp%2Fv2%2Fcomments&post=6787"}],"wp:featuredmedia":[{"embeddable":true,"href":"https:\/\/parisparis.movilizame.com.ar\/index.php?rest_route=\/wp\/v2\/media\/7636"}],"wp:attachment":[{"href":"https:\/\/parisparis.movilizame.com.ar\/index.php?rest_route=%2Fwp%2Fv2%2Fmedia&parent=6787"}],"wp:term":[{"taxonomy":"product_brand","embeddable":true,"href":"https:\/\/parisparis.movilizame.com.ar\/index.php?rest_route=%2Fwp%2Fv2%2Fproduct_brand&post=6787"},{"taxonomy":"product_cat","embeddable":true,"href":"https:\/\/parisparis.movilizame.com.ar\/index.php?rest_route=%2Fwp%2Fv2%2Fproduct_cat&post=6787"},{"taxonomy":"product_tag","embeddable":true,"href":"https:\/\/parisparis.movilizame.com.ar\/index.php?rest_route=%2Fwp%2Fv2%2Fproduct_tag&post=6787"}],"curies":[{"name":"wp","href":"https:\/\/api.w.org\/{rel}","templated":true}]}}