{"id":6770,"date":"2020-09-29T13:08:05","date_gmt":"2020-09-29T16:08:05","guid":{"rendered":"http:\/\/wp-paris-paris.test\/?product=colorstay-base-fluida-con-vitamina-e"},"modified":"2025-11-04T12:43:00","modified_gmt":"2025-11-04T15:43:00","slug":"colorstay-base-fluida-con-vitamina-e","status":"publish","type":"product","link":"https:\/\/parisparis.movilizame.com.ar\/?product=colorstay-base-fluida-con-vitamina-e","title":{"rendered":"REVLON &#8211; ColorStay Base Fluida con vitamina E"},"content":{"rendered":"<p>Esta base de maquillaje transpirable, construible y sin aceites ofrece una duraci\u00f3n impecable de 24 horas y ayuda a mejorar el aspecto de la piel d\u00eda tras d\u00eda, resistiendo el calor, el sudor y la humedad.<\/p>\n<p>Ideal para piel <strong>mixta\/grasa.<\/strong> Incluye Vitamina E antioxidante para ayudar a nutrir y proteger la piel de los contaminantes mientras que los polvos multiminerales ayudan a controlar el avance de la grasa para un acabado mate y sin poros.<br \/>\nResistente a la transferencia y al agua.<\/p>\n<p><strong>CONSULTAR TONOS DISPONIBLES<\/strong><\/p>\n","protected":false},"excerpt":{"rendered":"<p>Esta base de maquillaje transpirable, construible y sin aceites ofrece una duraci\u00f3n impecable de 24 horas y ayuda a mejorar&#8230;<\/p>\n","protected":false},"featured_media":7626,"comment_status":"open","ping_status":"closed","template":"","meta":[],"product_brand":[1428],"product_cat":[],"product_tag":[],"class_list":{"0":"post-6770","1":"product","2":"type-product","3":"status-publish","4":"has-post-thumbnail","6":"product_brand-revlon","8":"first","9":"instock","10":"shipping-taxable","11":"purchasable","12":"product-type-simple"},"_links":{"self":[{"href":"https:\/\/parisparis.movilizame.com.ar\/index.php?rest_route=\/wp\/v2\/product\/6770","targetHints":{"allow":["GET"]}}],"collection":[{"href":"https:\/\/parisparis.movilizame.com.ar\/index.php?rest_route=\/wp\/v2\/product"}],"about":[{"href":"https:\/\/parisparis.movilizame.com.ar\/index.php?rest_route=\/wp\/v2\/types\/product"}],"replies":[{"embeddable":true,"href":"https:\/\/parisparis.movilizame.com.ar\/index.php?rest_route=%2Fwp%2Fv2%2Fcomments&post=6770"}],"wp:featuredmedia":[{"embeddable":true,"href":"https:\/\/parisparis.movilizame.com.ar\/index.php?rest_route=\/wp\/v2\/media\/7626"}],"wp:attachment":[{"href":"https:\/\/parisparis.movilizame.com.ar\/index.php?rest_route=%2Fwp%2Fv2%2Fmedia&parent=6770"}],"wp:term":[{"taxonomy":"product_brand","embeddable":true,"href":"https:\/\/parisparis.movilizame.com.ar\/index.php?rest_route=%2Fwp%2Fv2%2Fproduct_brand&post=6770"},{"taxonomy":"product_cat","embeddable":true,"href":"https:\/\/parisparis.movilizame.com.ar\/index.php?rest_route=%2Fwp%2Fv2%2Fproduct_cat&post=6770"},{"taxonomy":"product_tag","embeddable":true,"href":"https:\/\/parisparis.movilizame.com.ar\/index.php?rest_route=%2Fwp%2Fv2%2Fproduct_tag&post=6770"}],"curies":[{"name":"wp","href":"https:\/\/api.w.org\/{rel}","templated":true}]}}