{"id":6758,"date":"2020-09-07T00:01:19","date_gmt":"2020-09-07T03:01:19","guid":{"rendered":"http:\/\/wp-paris-paris.test\/?product=spray-blindaje-termico"},"modified":"2025-12-17T18:59:19","modified_gmt":"2025-12-17T21:59:19","slug":"spray-blindaje-termico","status":"publish","type":"product","link":"https:\/\/parisparis.movilizame.com.ar\/?product=spray-blindaje-termico","title":{"rendered":"CLARIDGE &#8211; SPRAY PROTECTOR TERMOACTIVO 210 ML"},"content":{"rendered":"<p>Spray termoactivo con Hidrolizado de Keratina y Prote\u00ednas de Soja para cabellos sometidos a aplicaciones t\u00e9rmicas.<br \/>\nEl protector t\u00e9rmico es el tratamiento ideal para proteger el cabello del da\u00f1o que causan las aplicaciones t\u00e9rmicas, la keratina restaura el pelo y junto a las prote\u00ednas de soja evitan que el cabello se quiebre.<\/p>\n<p>El Spray Termoactivo es ideal para proteger el cabello del da\u00f1o que producen el secador y la planchita. Contiene agentes protectores que generan una barrera entre la aplicaci\u00f3n t\u00e9rmica y la fibra capilar.<\/p>\n<p>COMPONENTES:<\/p>\n<p>&#8211;Hidrolizado de Keratina: Regenera la fibra capilar, otorga una apariencia suave y saludable al cabello, fortalece la fibra capilar, regenera el brillo.<br \/>\n&#8211;Prote\u00ednas de soja: Nutren y humectan el pelo, restauran su flexibilidad y otorgan brillo, rehidratan el cabello da\u00f1ado qu\u00edmicamente.<\/p>\n","protected":false},"excerpt":{"rendered":"<p>Spray termoactivo con Hidrolizado de Keratina y Prote\u00ednas de Soja para cabellos sometidos a aplicaciones t\u00e9rmicas. El protector t\u00e9rmico es&#8230;<\/p>\n","protected":false},"featured_media":8648,"comment_status":"open","ping_status":"closed","template":"","meta":[],"product_brand":[1427],"product_cat":[1379],"product_tag":[],"class_list":{"0":"post-6758","1":"product","2":"type-product","3":"status-publish","4":"has-post-thumbnail","6":"product_brand-claridge","7":"product_cat-capilar","9":"first","10":"instock","11":"shipping-taxable","12":"purchasable","13":"product-type-simple"},"_links":{"self":[{"href":"https:\/\/parisparis.movilizame.com.ar\/index.php?rest_route=\/wp\/v2\/product\/6758","targetHints":{"allow":["GET"]}}],"collection":[{"href":"https:\/\/parisparis.movilizame.com.ar\/index.php?rest_route=\/wp\/v2\/product"}],"about":[{"href":"https:\/\/parisparis.movilizame.com.ar\/index.php?rest_route=\/wp\/v2\/types\/product"}],"replies":[{"embeddable":true,"href":"https:\/\/parisparis.movilizame.com.ar\/index.php?rest_route=%2Fwp%2Fv2%2Fcomments&post=6758"}],"wp:featuredmedia":[{"embeddable":true,"href":"https:\/\/parisparis.movilizame.com.ar\/index.php?rest_route=\/wp\/v2\/media\/8648"}],"wp:attachment":[{"href":"https:\/\/parisparis.movilizame.com.ar\/index.php?rest_route=%2Fwp%2Fv2%2Fmedia&parent=6758"}],"wp:term":[{"taxonomy":"product_brand","embeddable":true,"href":"https:\/\/parisparis.movilizame.com.ar\/index.php?rest_route=%2Fwp%2Fv2%2Fproduct_brand&post=6758"},{"taxonomy":"product_cat","embeddable":true,"href":"https:\/\/parisparis.movilizame.com.ar\/index.php?rest_route=%2Fwp%2Fv2%2Fproduct_cat&post=6758"},{"taxonomy":"product_tag","embeddable":true,"href":"https:\/\/parisparis.movilizame.com.ar\/index.php?rest_route=%2Fwp%2Fv2%2Fproduct_tag&post=6758"}],"curies":[{"name":"wp","href":"https:\/\/api.w.org\/{rel}","templated":true}]}}