{"id":6755,"date":"2020-09-06T21:44:04","date_gmt":"2020-09-07T00:44:04","guid":{"rendered":"http:\/\/wp-paris-paris.test\/?product=inecto-profesional-acondicionador-keratina"},"modified":"2025-12-18T11:42:00","modified_gmt":"2025-12-18T14:42:00","slug":"inecto-profesional-acondicionador-keratina","status":"publish","type":"product","link":"https:\/\/parisparis.movilizame.com.ar\/?product=inecto-profesional-acondicionador-keratina","title":{"rendered":"INECTO &#8211; ACONDICIONADOR KERATINA 650 GR"},"content":{"rendered":"<p>Acondicionador Keratina Inecto Professional x650g<br \/>\n-Para cabellos extremadamente da\u00f1ados<br \/>\n-La f\u00f3rmula Keratina contiene: Hidrolizado de Keratina<\/p>\n<p>ACCION:La f\u00f3rmula Keratina Hidrolizada, penetra en la fibra capilar otorgando al pelo, suavidad, fuerza y docilidad. Disminuye el Frizz. Ayuda a mantener el alisado y sella la cut\u00edcula del cabello.<\/p>\n<p>COMPONENTES:KERATINA HIDROLIZADA<br \/>\nLa queratina hidrolizada cumple una funci\u00f3n regeneradora de las fibras capilares. Es similar al tratamiento con queratina l\u00edquida y ayuda al cabello a tener una apariencia m\u00e1s saludable y suave despu\u00e9s del tratamiento.<br \/>\nLa queratina hidrolizada suaviza y fortalece el pelo, dej\u00e1ndolo brillante y sedoso.<\/p>\n","protected":false},"excerpt":{"rendered":"<p>Acondicionador Keratina Inecto Professional x650g -Para cabellos extremadamente da\u00f1ados -La f\u00f3rmula Keratina contiene: Hidrolizado de Keratina ACCION:La f\u00f3rmula Keratina Hidrolizada,&#8230;<\/p>\n","protected":false},"featured_media":8659,"comment_status":"open","ping_status":"closed","template":"","meta":[],"product_brand":[1431],"product_cat":[],"product_tag":[],"class_list":{"0":"post-6755","1":"product","2":"type-product","3":"status-publish","4":"has-post-thumbnail","6":"product_brand-inecto","8":"first","9":"instock","10":"shipping-taxable","11":"purchasable","12":"product-type-simple"},"_links":{"self":[{"href":"https:\/\/parisparis.movilizame.com.ar\/index.php?rest_route=\/wp\/v2\/product\/6755","targetHints":{"allow":["GET"]}}],"collection":[{"href":"https:\/\/parisparis.movilizame.com.ar\/index.php?rest_route=\/wp\/v2\/product"}],"about":[{"href":"https:\/\/parisparis.movilizame.com.ar\/index.php?rest_route=\/wp\/v2\/types\/product"}],"replies":[{"embeddable":true,"href":"https:\/\/parisparis.movilizame.com.ar\/index.php?rest_route=%2Fwp%2Fv2%2Fcomments&post=6755"}],"wp:featuredmedia":[{"embeddable":true,"href":"https:\/\/parisparis.movilizame.com.ar\/index.php?rest_route=\/wp\/v2\/media\/8659"}],"wp:attachment":[{"href":"https:\/\/parisparis.movilizame.com.ar\/index.php?rest_route=%2Fwp%2Fv2%2Fmedia&parent=6755"}],"wp:term":[{"taxonomy":"product_brand","embeddable":true,"href":"https:\/\/parisparis.movilizame.com.ar\/index.php?rest_route=%2Fwp%2Fv2%2Fproduct_brand&post=6755"},{"taxonomy":"product_cat","embeddable":true,"href":"https:\/\/parisparis.movilizame.com.ar\/index.php?rest_route=%2Fwp%2Fv2%2Fproduct_cat&post=6755"},{"taxonomy":"product_tag","embeddable":true,"href":"https:\/\/parisparis.movilizame.com.ar\/index.php?rest_route=%2Fwp%2Fv2%2Fproduct_tag&post=6755"}],"curies":[{"name":"wp","href":"https:\/\/api.w.org\/{rel}","templated":true}]}}