{"id":6750,"date":"2020-08-28T01:16:46","date_gmt":"2020-08-28T04:16:46","guid":{"rendered":"http:\/\/wp-paris-paris.test\/?product=inecto-acondicionador-brillo-fabuloso"},"modified":"2025-12-18T20:12:49","modified_gmt":"2025-12-18T23:12:49","slug":"inecto-acondicionador-brillo-fabuloso","status":"publish","type":"product","link":"https:\/\/parisparis.movilizame.com.ar\/?product=inecto-acondicionador-brillo-fabuloso","title":{"rendered":"INECTO &#8211; SHOCK DE BRILLO FABULOSO ACONDICIONADOR 400 ML"},"content":{"rendered":"<h2 class=\"font-weight-bold mb-3\">Descripci\u00f3n<\/h2>\n<div class=\"user-content mb-4\">\n<p><strong>Brillo Fabuloso Extra \u00c1cido<\/strong>\u00a0posee propiedades reconstructivas del Jengibre y la Keratina para crear un acondicionador que fortalece el cabello desde la ra\u00edz hasta la punta, reconstruyendo profundamente la fibra capilar. Protege y prolonga la duraci\u00f3n de la tintura y proporciona un brillo fabuloso. Para cabellos te\u00f1idos y\/o alisados.<\/p>\n<p>TE\u00d1IDOS Y\/O ALISADOS JENGIBRE Y KERATINA 400ML<\/p>\n<p>Jengibre: recupera el brillo natural de tu cabello. Contiene Vitaminas, Zinc y F\u00f3sforo de gran efecto antioxidante y estimulante.<\/p>\n<p>Keratina: proporciona fuerza, brillo y suavidad. Reestructura, fortalece y suaviza.<\/p>\n<\/div>\n","protected":false},"excerpt":{"rendered":"<p>Descripci\u00f3n Brillo Fabuloso Extra \u00c1cido\u00a0posee propiedades reconstructivas del Jengibre y la Keratina para crear un acondicionador que fortalece el cabello&#8230;<\/p>\n","protected":false},"featured_media":8663,"comment_status":"open","ping_status":"closed","template":"","meta":[],"product_brand":[1431],"product_cat":[],"product_tag":[],"class_list":{"0":"post-6750","1":"product","2":"type-product","3":"status-publish","4":"has-post-thumbnail","6":"product_brand-inecto","8":"first","9":"instock","10":"shipping-taxable","11":"purchasable","12":"product-type-simple"},"_links":{"self":[{"href":"https:\/\/parisparis.movilizame.com.ar\/index.php?rest_route=\/wp\/v2\/product\/6750","targetHints":{"allow":["GET"]}}],"collection":[{"href":"https:\/\/parisparis.movilizame.com.ar\/index.php?rest_route=\/wp\/v2\/product"}],"about":[{"href":"https:\/\/parisparis.movilizame.com.ar\/index.php?rest_route=\/wp\/v2\/types\/product"}],"replies":[{"embeddable":true,"href":"https:\/\/parisparis.movilizame.com.ar\/index.php?rest_route=%2Fwp%2Fv2%2Fcomments&post=6750"}],"wp:featuredmedia":[{"embeddable":true,"href":"https:\/\/parisparis.movilizame.com.ar\/index.php?rest_route=\/wp\/v2\/media\/8663"}],"wp:attachment":[{"href":"https:\/\/parisparis.movilizame.com.ar\/index.php?rest_route=%2Fwp%2Fv2%2Fmedia&parent=6750"}],"wp:term":[{"taxonomy":"product_brand","embeddable":true,"href":"https:\/\/parisparis.movilizame.com.ar\/index.php?rest_route=%2Fwp%2Fv2%2Fproduct_brand&post=6750"},{"taxonomy":"product_cat","embeddable":true,"href":"https:\/\/parisparis.movilizame.com.ar\/index.php?rest_route=%2Fwp%2Fv2%2Fproduct_cat&post=6750"},{"taxonomy":"product_tag","embeddable":true,"href":"https:\/\/parisparis.movilizame.com.ar\/index.php?rest_route=%2Fwp%2Fv2%2Fproduct_tag&post=6750"}],"curies":[{"name":"wp","href":"https:\/\/api.w.org\/{rel}","templated":true}]}}