{"id":6749,"date":"2020-08-28T00:50:02","date_gmt":"2020-08-28T03:50:02","guid":{"rendered":"http:\/\/wp-paris-paris.test\/?product=capilatis-shampoo-lifting-capilar"},"modified":"2026-02-04T17:36:44","modified_gmt":"2026-02-04T20:36:44","slug":"capilatis-shampoo-lifting-capilar","status":"publish","type":"product","link":"https:\/\/parisparis.movilizame.com.ar\/?product=capilatis-shampoo-lifting-capilar","title":{"rendered":"CAPILATIS &#8211; HIALURONICO + COLAGENO SHAMPOO 350 ML"},"content":{"rendered":"<p>Shampoo hidro-nutritivo que hidrata la fibra capilar en profundidad y le aporta nutrientes esenciales. Brinda una higiene suave y no agresiva, cuidando el cabello y aport\u00e1ndole un intenso brillo. F\u00f3rmula enriquecida con \u00c1cido Hialur\u00f3nico y Arginina, una asociaci\u00f3n de componentes capaces de restaurar los niveles naturales de humedad del cabello y de expandir la fibra capilar. Esto permite que el cabello se torne m\u00e1s denso, luzca con m\u00e1s cuerpo y exprese un brillo absoluto, logrando as\u00ed un verdadero rejuvenecimiento capilar.<\/p>\n","protected":false},"excerpt":{"rendered":"<p>Shampoo hidro-nutritivo que hidrata la fibra capilar en profundidad y le aporta nutrientes esenciales. Brinda una higiene suave y no&#8230;<\/p>\n","protected":false},"featured_media":8672,"comment_status":"open","ping_status":"closed","template":"","meta":[],"product_brand":[1458],"product_cat":[],"product_tag":[],"class_list":{"0":"post-6749","1":"product","2":"type-product","3":"status-publish","4":"has-post-thumbnail","6":"product_brand-capilatis","8":"first","9":"instock","10":"shipping-taxable","11":"purchasable","12":"product-type-simple"},"_links":{"self":[{"href":"https:\/\/parisparis.movilizame.com.ar\/index.php?rest_route=\/wp\/v2\/product\/6749","targetHints":{"allow":["GET"]}}],"collection":[{"href":"https:\/\/parisparis.movilizame.com.ar\/index.php?rest_route=\/wp\/v2\/product"}],"about":[{"href":"https:\/\/parisparis.movilizame.com.ar\/index.php?rest_route=\/wp\/v2\/types\/product"}],"replies":[{"embeddable":true,"href":"https:\/\/parisparis.movilizame.com.ar\/index.php?rest_route=%2Fwp%2Fv2%2Fcomments&post=6749"}],"wp:featuredmedia":[{"embeddable":true,"href":"https:\/\/parisparis.movilizame.com.ar\/index.php?rest_route=\/wp\/v2\/media\/8672"}],"wp:attachment":[{"href":"https:\/\/parisparis.movilizame.com.ar\/index.php?rest_route=%2Fwp%2Fv2%2Fmedia&parent=6749"}],"wp:term":[{"taxonomy":"product_brand","embeddable":true,"href":"https:\/\/parisparis.movilizame.com.ar\/index.php?rest_route=%2Fwp%2Fv2%2Fproduct_brand&post=6749"},{"taxonomy":"product_cat","embeddable":true,"href":"https:\/\/parisparis.movilizame.com.ar\/index.php?rest_route=%2Fwp%2Fv2%2Fproduct_cat&post=6749"},{"taxonomy":"product_tag","embeddable":true,"href":"https:\/\/parisparis.movilizame.com.ar\/index.php?rest_route=%2Fwp%2Fv2%2Fproduct_tag&post=6749"}],"curies":[{"name":"wp","href":"https:\/\/api.w.org\/{rel}","templated":true}]}}