{"id":6743,"date":"2020-08-26T21:40:25","date_gmt":"2020-08-27T00:40:25","guid":{"rendered":"http:\/\/wp-paris-paris.test\/?product=capilatis-aclarante-instantaneo-puro-rubio-240-ml"},"modified":"2026-02-03T12:54:41","modified_gmt":"2026-02-03T15:54:41","slug":"capilatis-aclarante-instantaneo-puro-rubio-240-ml","status":"publish","type":"product","link":"https:\/\/parisparis.movilizame.com.ar\/?product=capilatis-aclarante-instantaneo-puro-rubio-240-ml","title":{"rendered":"CAPILATIS &#8211; PURO RUBIO ACLARANTE 240 ML"},"content":{"rendered":"<p>Con manzanilla &#8211; Cabello rubio o casta\u00f1o<br \/>\n\u2022 Aclara el cabello definitivamente \u2022 Acent\u00faa los reflejos rubios \u2022 Aumenta el brillo<\/p>\n<p>Su capacidad s\u00faper aclarante le aporta al cabello una incre\u00edble luminosidad instant\u00e1nea. El extracto natural de Manzanilla otorga matices dorados que acent\u00faan los reflejos rubios y conservan la iluminaci\u00f3n del cabello. F\u00f3rmula balanceada y libre de alcohol que deja el cabello suave, manejable y con saludable brillo.<br \/>\nSIN PARABENOS \u2013 SIN ALCOHOL<\/p>\n","protected":false},"excerpt":{"rendered":"<p>Con manzanilla &#8211; Cabello rubio o casta\u00f1o \u2022 Aclara el cabello definitivamente \u2022 Acent\u00faa los reflejos rubios \u2022 Aumenta el&#8230;<\/p>\n","protected":false},"featured_media":8674,"comment_status":"open","ping_status":"closed","template":"","meta":[],"product_brand":[1458],"product_cat":[],"product_tag":[],"class_list":{"0":"post-6743","1":"product","2":"type-product","3":"status-publish","4":"has-post-thumbnail","6":"product_brand-capilatis","8":"first","9":"instock","10":"shipping-taxable","11":"purchasable","12":"product-type-simple"},"_links":{"self":[{"href":"https:\/\/parisparis.movilizame.com.ar\/index.php?rest_route=\/wp\/v2\/product\/6743","targetHints":{"allow":["GET"]}}],"collection":[{"href":"https:\/\/parisparis.movilizame.com.ar\/index.php?rest_route=\/wp\/v2\/product"}],"about":[{"href":"https:\/\/parisparis.movilizame.com.ar\/index.php?rest_route=\/wp\/v2\/types\/product"}],"replies":[{"embeddable":true,"href":"https:\/\/parisparis.movilizame.com.ar\/index.php?rest_route=%2Fwp%2Fv2%2Fcomments&post=6743"}],"wp:featuredmedia":[{"embeddable":true,"href":"https:\/\/parisparis.movilizame.com.ar\/index.php?rest_route=\/wp\/v2\/media\/8674"}],"wp:attachment":[{"href":"https:\/\/parisparis.movilizame.com.ar\/index.php?rest_route=%2Fwp%2Fv2%2Fmedia&parent=6743"}],"wp:term":[{"taxonomy":"product_brand","embeddable":true,"href":"https:\/\/parisparis.movilizame.com.ar\/index.php?rest_route=%2Fwp%2Fv2%2Fproduct_brand&post=6743"},{"taxonomy":"product_cat","embeddable":true,"href":"https:\/\/parisparis.movilizame.com.ar\/index.php?rest_route=%2Fwp%2Fv2%2Fproduct_cat&post=6743"},{"taxonomy":"product_tag","embeddable":true,"href":"https:\/\/parisparis.movilizame.com.ar\/index.php?rest_route=%2Fwp%2Fv2%2Fproduct_tag&post=6743"}],"curies":[{"name":"wp","href":"https:\/\/api.w.org\/{rel}","templated":true}]}}