{"id":6738,"date":"2020-08-24T17:41:56","date_gmt":"2020-08-24T20:41:56","guid":{"rendered":"http:\/\/wp-paris-paris.test\/?product=capilatis-balsamo-capilar-natural-oil"},"modified":"2026-02-04T17:06:05","modified_gmt":"2026-02-04T20:06:05","slug":"capilatis-balsamo-capilar-natural-oil","status":"publish","type":"product","link":"https:\/\/parisparis.movilizame.com.ar\/?product=capilatis-balsamo-capilar-natural-oil","title":{"rendered":"CAPILATIS &#8211; NATURAL OIL BALSAMO 420 ML"},"content":{"rendered":"<p>El B\u00e1lsamo con Arg\u00e1n de Marruecos repara, nutre y protege los cabellos extremadamente secos, apagados y d\u00e9biles. Libre de parabenos y colorantes. Ofrece el balance adecuado de nutrientes para lograr un cabello fuerte, suave y brillante de manera inmediata. El Aceite Natural de Arg\u00e1n aporta un alt\u00edsimo valor nutritivo, y tocoferoles: valiosos antioxidantes que previenen el envejecimiento capilar; el Aceite Natural de Coco: asegura total suavidad, brillo y un gran efecto nutritivo gracias a su alto contenido en Vitamina E, Vitamina K y Hierro; y el Aceite Natural de Jojoba: presenta elevadas concentraciones de Omega 9, es extremadamente nutritivo,emoliente y aporta sedosidad al cabello.<\/p>\n","protected":false},"excerpt":{"rendered":"<p>El B\u00e1lsamo con Arg\u00e1n de Marruecos repara, nutre y protege los cabellos extremadamente secos, apagados y d\u00e9biles. Libre de parabenos&#8230;<\/p>\n","protected":false},"featured_media":8676,"comment_status":"open","ping_status":"closed","template":"","meta":[],"product_brand":[1458],"product_cat":[],"product_tag":[],"class_list":{"0":"post-6738","1":"product","2":"type-product","3":"status-publish","4":"has-post-thumbnail","6":"product_brand-capilatis","8":"first","9":"instock","10":"shipping-taxable","11":"purchasable","12":"product-type-simple"},"_links":{"self":[{"href":"https:\/\/parisparis.movilizame.com.ar\/index.php?rest_route=\/wp\/v2\/product\/6738","targetHints":{"allow":["GET"]}}],"collection":[{"href":"https:\/\/parisparis.movilizame.com.ar\/index.php?rest_route=\/wp\/v2\/product"}],"about":[{"href":"https:\/\/parisparis.movilizame.com.ar\/index.php?rest_route=\/wp\/v2\/types\/product"}],"replies":[{"embeddable":true,"href":"https:\/\/parisparis.movilizame.com.ar\/index.php?rest_route=%2Fwp%2Fv2%2Fcomments&post=6738"}],"wp:featuredmedia":[{"embeddable":true,"href":"https:\/\/parisparis.movilizame.com.ar\/index.php?rest_route=\/wp\/v2\/media\/8676"}],"wp:attachment":[{"href":"https:\/\/parisparis.movilizame.com.ar\/index.php?rest_route=%2Fwp%2Fv2%2Fmedia&parent=6738"}],"wp:term":[{"taxonomy":"product_brand","embeddable":true,"href":"https:\/\/parisparis.movilizame.com.ar\/index.php?rest_route=%2Fwp%2Fv2%2Fproduct_brand&post=6738"},{"taxonomy":"product_cat","embeddable":true,"href":"https:\/\/parisparis.movilizame.com.ar\/index.php?rest_route=%2Fwp%2Fv2%2Fproduct_cat&post=6738"},{"taxonomy":"product_tag","embeddable":true,"href":"https:\/\/parisparis.movilizame.com.ar\/index.php?rest_route=%2Fwp%2Fv2%2Fproduct_tag&post=6738"}],"curies":[{"name":"wp","href":"https:\/\/api.w.org\/{rel}","templated":true}]}}