{"id":6724,"date":"2020-08-11T13:58:50","date_gmt":"2020-08-11T16:58:50","guid":{"rendered":"http:\/\/wp-paris-paris.test\/?product=nell-ross-agua-termal"},"modified":"2025-11-08T17:40:53","modified_gmt":"2025-11-08T20:40:53","slug":"nell-ross-agua-termal","status":"publish","type":"product","link":"https:\/\/parisparis.movilizame.com.ar\/?product=nell-ross-agua-termal","title":{"rendered":"NELL ROSS &#8211; AUA TERMAL 200 ML"},"content":{"rendered":"<p>El <strong>Agua Termal Nell Ross<\/strong>, es la amiga indiscutible de todas las pieles, a\u00fan las m\u00e1s sensibles, acn\u00e9icas o secas.<\/p>\n<p><strong>Por ser muy rica en minerales y oligoelementos y de pH neutro es hidrotonificante y suavizante.<\/strong><\/p>\n<p>Utiliz\u00e1ndola en forma regular, se mejoran las capas superiores de la piel y permite resistir mejor las agresiones diarias. La caracter\u00edstica fundamental del agua termal es que surge del interior de la tierra.<\/p>\n<p>Emerge de las profundidades, y en su recorrido se va nutriendo con minerales como el f\u00f3sforo, sodio, fl\u00faor, yodo, hierro y bromo.<br \/>\nNuestro cuerpo pierde alrededor de medio litro de agua por dia, nuestra agua termal se encarga de suplir esta p\u00e9rdida diaria de humectaci\u00f3n que nuestra piel sufre inevitablemente, aport\u00e1ndole todo lo que necesita para estar y lucir saludable las 24 horas los 365 d\u00edas del a\u00f1o.<\/p>\n<p>La naturaleza nos leg\u00f3 esta pur\u00edsima agua totalmente natural, \u00fanica, extra\u00edda de las Termas de Pismanta, San Juan, para ser usada en todo momento como fiel aliada de la piel.<\/p>\n<p>Vaporizar sobre rostro y cuerpo, por la ma\u00f1ana, antes de la humectaci\u00f3n y durante el d\u00eda cuanto se necesite para proteger de las agresiones del fr\u00edo y del sol.<\/p>\n<p>Cont 200 ml<\/p>\n","protected":false},"excerpt":{"rendered":"<p>El Agua Termal Nell Ross, es la amiga indiscutible de todas las pieles, a\u00fan las m\u00e1s sensibles, acn\u00e9icas o secas&#8230;.<\/p>\n","protected":false},"featured_media":0,"comment_status":"open","ping_status":"closed","template":"","meta":[],"product_brand":[1494],"product_cat":[],"product_tag":[],"class_list":{"0":"post-6724","1":"product","2":"type-product","3":"status-publish","5":"product_brand-nell-ross","7":"first","8":"instock","9":"shipping-taxable","10":"purchasable","11":"product-type-simple"},"_links":{"self":[{"href":"https:\/\/parisparis.movilizame.com.ar\/index.php?rest_route=\/wp\/v2\/product\/6724","targetHints":{"allow":["GET"]}}],"collection":[{"href":"https:\/\/parisparis.movilizame.com.ar\/index.php?rest_route=\/wp\/v2\/product"}],"about":[{"href":"https:\/\/parisparis.movilizame.com.ar\/index.php?rest_route=\/wp\/v2\/types\/product"}],"replies":[{"embeddable":true,"href":"https:\/\/parisparis.movilizame.com.ar\/index.php?rest_route=%2Fwp%2Fv2%2Fcomments&post=6724"}],"wp:attachment":[{"href":"https:\/\/parisparis.movilizame.com.ar\/index.php?rest_route=%2Fwp%2Fv2%2Fmedia&parent=6724"}],"wp:term":[{"taxonomy":"product_brand","embeddable":true,"href":"https:\/\/parisparis.movilizame.com.ar\/index.php?rest_route=%2Fwp%2Fv2%2Fproduct_brand&post=6724"},{"taxonomy":"product_cat","embeddable":true,"href":"https:\/\/parisparis.movilizame.com.ar\/index.php?rest_route=%2Fwp%2Fv2%2Fproduct_cat&post=6724"},{"taxonomy":"product_tag","embeddable":true,"href":"https:\/\/parisparis.movilizame.com.ar\/index.php?rest_route=%2Fwp%2Fv2%2Fproduct_tag&post=6724"}],"curies":[{"name":"wp","href":"https:\/\/api.w.org\/{rel}","templated":true}]}}