{"id":6723,"date":"2020-08-11T13:58:05","date_gmt":"2020-08-11T16:58:05","guid":{"rendered":"http:\/\/wp-paris-paris.test\/?product=nell-ross-fango-termal-volcanico-200-gr"},"modified":"2025-11-08T17:41:13","modified_gmt":"2025-11-08T20:41:13","slug":"nell-ross-fango-termal-volcanico-200-gr","status":"publish","type":"product","link":"https:\/\/parisparis.movilizame.com.ar\/?product=nell-ross-fango-termal-volcanico-200-gr","title":{"rendered":"NELL ROSS &#8211; FANGO TERMAL VOLC\u00c1NICO 200 GR"},"content":{"rendered":"<h1>Del Volc\u00e1n a tu Piel<\/h1>\n<p>El Fango Termal Volc\u00e1nico Nell Ross posee principios &#8220;activos&#8221; tales como el magnesio, azufre, calcio, zinc, cobre y f\u00f3siles silicios, macerados desde la Era Terciaria imposible de encontrar en otros fangos.<\/p>\n<p>Todos estos elementos bloquean el proceso de envejecimiento, fortaleciendo la tensi\u00f3n de la piel y d\u00e1ndole tonicidad a los m\u00fasculos. Este fango es el \u00fanico producto de estas caracter\u00edsticas que se puede colocar en los p\u00e1rpados sin ning\u00fan tipo de reacci\u00f3n.<\/p>\n<p><strong>El FANGO TERMAL VOLCANICO NELL ROSS es la manera m\u00e1s efectiva de pensar en la piel y en todo el cuerpo cuando \u00e9ste presenta:<\/strong><\/p>\n<ul>\n<li>Envejecimiento cut\u00e1neo.<\/li>\n<li>Sequedad y deshidrataci\u00f3n.<\/li>\n<li>Flaccidez.<\/li>\n<li>Necesidad de una limpieza profunda del cutis.<\/li>\n<li>P\u00e9rdida del cabello.<\/li>\n<li>Caspa.<\/li>\n<li>Reafirmar las mamas y gl\u00fateos.<\/li>\n<li>Sus virtudes permite que el FANGO TERMAL VOLCANICO NELL ROSS sirva como peeling, disminuya el sebo y sea agente antiarrugas por acci\u00f3n de los oligoelementos y minerales que lo componen, permitiendo mejor\u00edas notables en pieles acn\u00e9icas.<\/li>\n<li>En el caso de las arrugas, el FANGO TERMAL VOLCANICO NELL ROSS act\u00faa con sus propiedades revitalizantes a trav\u00e9s de sus componentes (magnesio, manganeso, cobre, calcio, potasio, zinc y sodio). Estos elementos bloquean el proceso de envejecimiento de las c\u00e9lulas, revitaliz\u00e1ndolas y fortaleciendo la tensi\u00f3n de la piel.<\/li>\n<li>El uso regular del FANGO TERMAL VOLCANICO NELL ROSS no s\u00f3lo revitaliza sino que elimina impurezas y da suavidad inmediata en las zonas m\u00e1s rugosas y \u00e1speras como rodillas, codos y pies.<\/li>\n<li>Para endurecer y fortificar los senos y gl\u00fateos, el FANGO TERMAL VOLCANICO NELL ROSS ofrece un tratamiento sistem\u00e1tico que brinda los m\u00e1s \u00f3ptimos resultados.<\/li>\n<\/ul>\n<h2>Terapias del Fango Termal Volc\u00e1nico<\/h2>\n<ul>\n<li>Muchas son las aplicaciones terap\u00e9uticas del FANGO TERMAL VOLCANICO NELL ROSS:<\/li>\n<li>Estimulante de la formaci\u00f3n cut\u00e1nea, depurando y sanando la piel.<\/li>\n<li>Su gran poder de absorci\u00f3n y adsorci\u00f3n tiende a dejar la piel oxigenada y libre de toxinas.<\/li>\n<li>Estimula poderosamente la circulaci\u00f3n.<\/li>\n<li>Realiza un profundo pulido de la piel, desobstruyendo los fol\u00edculos poliseb\u00e1seos.<\/li>\n<li>Favorece la reproducci\u00f3n celular.<\/li>\n<li>Tiene acci\u00f3n remineralizadora y reequilibrante del pH<\/li>\n<li>La piel se vuelve m\u00e1s t\u00f3nica y firme, recobrando sus cualidades.<\/li>\n<\/ul>\n","protected":false},"excerpt":{"rendered":"<p>Del Volc\u00e1n a tu Piel El Fango Termal Volc\u00e1nico Nell Ross posee principios &#8220;activos&#8221; tales como el magnesio, azufre, calcio,&#8230;<\/p>\n","protected":false},"featured_media":7601,"comment_status":"open","ping_status":"closed","template":"","meta":[],"product_brand":[1494],"product_cat":[],"product_tag":[],"class_list":{"0":"post-6723","1":"product","2":"type-product","3":"status-publish","4":"has-post-thumbnail","6":"product_brand-nell-ross","8":"first","9":"instock","10":"shipping-taxable","11":"purchasable","12":"product-type-simple"},"_links":{"self":[{"href":"https:\/\/parisparis.movilizame.com.ar\/index.php?rest_route=\/wp\/v2\/product\/6723","targetHints":{"allow":["GET"]}}],"collection":[{"href":"https:\/\/parisparis.movilizame.com.ar\/index.php?rest_route=\/wp\/v2\/product"}],"about":[{"href":"https:\/\/parisparis.movilizame.com.ar\/index.php?rest_route=\/wp\/v2\/types\/product"}],"replies":[{"embeddable":true,"href":"https:\/\/parisparis.movilizame.com.ar\/index.php?rest_route=%2Fwp%2Fv2%2Fcomments&post=6723"}],"wp:featuredmedia":[{"embeddable":true,"href":"https:\/\/parisparis.movilizame.com.ar\/index.php?rest_route=\/wp\/v2\/media\/7601"}],"wp:attachment":[{"href":"https:\/\/parisparis.movilizame.com.ar\/index.php?rest_route=%2Fwp%2Fv2%2Fmedia&parent=6723"}],"wp:term":[{"taxonomy":"product_brand","embeddable":true,"href":"https:\/\/parisparis.movilizame.com.ar\/index.php?rest_route=%2Fwp%2Fv2%2Fproduct_brand&post=6723"},{"taxonomy":"product_cat","embeddable":true,"href":"https:\/\/parisparis.movilizame.com.ar\/index.php?rest_route=%2Fwp%2Fv2%2Fproduct_cat&post=6723"},{"taxonomy":"product_tag","embeddable":true,"href":"https:\/\/parisparis.movilizame.com.ar\/index.php?rest_route=%2Fwp%2Fv2%2Fproduct_tag&post=6723"}],"curies":[{"name":"wp","href":"https:\/\/api.w.org\/{rel}","templated":true}]}}