{"id":6715,"date":"2020-08-10T23:30:46","date_gmt":"2020-08-11T02:30:46","guid":{"rendered":"http:\/\/wp-paris-paris.test\/?product=dorothy-gray-crema-corporal-piernas-perfectas"},"modified":"2025-12-10T12:54:03","modified_gmt":"2025-12-10T15:54:03","slug":"dorothy-gray-crema-corporal-piernas-perfectas","status":"publish","type":"product","link":"https:\/\/parisparis.movilizame.com.ar\/?product=dorothy-gray-crema-corporal-piernas-perfectas","title":{"rendered":"DOROTHY GRAY &#8211; CREMA PIERNAS PERFECTAS 400 GR"},"content":{"rendered":"<p>Crema para Ara\u00f1itas y Varices PIERNAS PERFECTAS<\/p>\n<p>&#8211; Sensaci\u00f3n de descanso y relax.<\/p>\n<p>&#8211; R\u00e1pido efecto hidratante.<\/p>\n<p>&#8211; Estimula la regeneraci\u00f3n celular y aporta elasticidad.<br \/>\n&nbsp;<\/p>\n","protected":false},"excerpt":{"rendered":"<p>Crema para Ara\u00f1itas y Varices PIERNAS PERFECTAS &#8211; Sensaci\u00f3n de descanso y relax. &#8211; R\u00e1pido efecto hidratante. &#8211; Estimula la&#8230;<\/p>\n","protected":false},"featured_media":7598,"comment_status":"open","ping_status":"closed","template":"","meta":[],"product_brand":[1433],"product_cat":[],"product_tag":[],"class_list":{"0":"post-6715","1":"product","2":"type-product","3":"status-publish","4":"has-post-thumbnail","6":"product_brand-dorothy-gray","8":"first","9":"instock","10":"shipping-taxable","11":"purchasable","12":"product-type-simple"},"_links":{"self":[{"href":"https:\/\/parisparis.movilizame.com.ar\/index.php?rest_route=\/wp\/v2\/product\/6715","targetHints":{"allow":["GET"]}}],"collection":[{"href":"https:\/\/parisparis.movilizame.com.ar\/index.php?rest_route=\/wp\/v2\/product"}],"about":[{"href":"https:\/\/parisparis.movilizame.com.ar\/index.php?rest_route=\/wp\/v2\/types\/product"}],"replies":[{"embeddable":true,"href":"https:\/\/parisparis.movilizame.com.ar\/index.php?rest_route=%2Fwp%2Fv2%2Fcomments&post=6715"}],"wp:featuredmedia":[{"embeddable":true,"href":"https:\/\/parisparis.movilizame.com.ar\/index.php?rest_route=\/wp\/v2\/media\/7598"}],"wp:attachment":[{"href":"https:\/\/parisparis.movilizame.com.ar\/index.php?rest_route=%2Fwp%2Fv2%2Fmedia&parent=6715"}],"wp:term":[{"taxonomy":"product_brand","embeddable":true,"href":"https:\/\/parisparis.movilizame.com.ar\/index.php?rest_route=%2Fwp%2Fv2%2Fproduct_brand&post=6715"},{"taxonomy":"product_cat","embeddable":true,"href":"https:\/\/parisparis.movilizame.com.ar\/index.php?rest_route=%2Fwp%2Fv2%2Fproduct_cat&post=6715"},{"taxonomy":"product_tag","embeddable":true,"href":"https:\/\/parisparis.movilizame.com.ar\/index.php?rest_route=%2Fwp%2Fv2%2Fproduct_tag&post=6715"}],"curies":[{"name":"wp","href":"https:\/\/api.w.org\/{rel}","templated":true}]}}