{"id":6712,"date":"2020-08-10T23:27:27","date_gmt":"2020-08-11T02:27:27","guid":{"rendered":"http:\/\/wp-paris-paris.test\/?product=dorothy-gray-crema-corporal-superhidratante"},"modified":"2025-12-15T18:29:55","modified_gmt":"2025-12-15T21:29:55","slug":"dorothy-gray-crema-corporal-superhidratante","status":"publish","type":"product","link":"https:\/\/parisparis.movilizame.com.ar\/?product=dorothy-gray-crema-corporal-superhidratante","title":{"rendered":"DOROTHY GRAY &#8211; CREMA CORPORAL SUPER HIDRATANTE VOLTAGE PES 400 GR"},"content":{"rendered":"<p>Crema corporal SUPER HIDRATANTE<\/p>\n<p>&#8211; R\u00e1pido efecto hidratante.<\/p>\n<p>&#8211; Limpia y relaja la piel.<\/p>\n<p>&#8211; Hidrataci\u00f3n instant\u00e1nea y Confort duradero.<\/p>\n","protected":false},"excerpt":{"rendered":"<p>Crema corporal SUPER HIDRATANTE &#8211; R\u00e1pido efecto hidratante. &#8211; Limpia y relaja la piel. &#8211; Hidrataci\u00f3n instant\u00e1nea y Confort duradero.<\/p>\n","protected":false},"featured_media":7595,"comment_status":"open","ping_status":"closed","template":"","meta":[],"product_brand":[1433],"product_cat":[],"product_tag":[],"class_list":{"0":"post-6712","1":"product","2":"type-product","3":"status-publish","4":"has-post-thumbnail","6":"product_brand-dorothy-gray","8":"first","9":"instock","10":"shipping-taxable","11":"purchasable","12":"product-type-simple"},"_links":{"self":[{"href":"https:\/\/parisparis.movilizame.com.ar\/index.php?rest_route=\/wp\/v2\/product\/6712","targetHints":{"allow":["GET"]}}],"collection":[{"href":"https:\/\/parisparis.movilizame.com.ar\/index.php?rest_route=\/wp\/v2\/product"}],"about":[{"href":"https:\/\/parisparis.movilizame.com.ar\/index.php?rest_route=\/wp\/v2\/types\/product"}],"replies":[{"embeddable":true,"href":"https:\/\/parisparis.movilizame.com.ar\/index.php?rest_route=%2Fwp%2Fv2%2Fcomments&post=6712"}],"wp:featuredmedia":[{"embeddable":true,"href":"https:\/\/parisparis.movilizame.com.ar\/index.php?rest_route=\/wp\/v2\/media\/7595"}],"wp:attachment":[{"href":"https:\/\/parisparis.movilizame.com.ar\/index.php?rest_route=%2Fwp%2Fv2%2Fmedia&parent=6712"}],"wp:term":[{"taxonomy":"product_brand","embeddable":true,"href":"https:\/\/parisparis.movilizame.com.ar\/index.php?rest_route=%2Fwp%2Fv2%2Fproduct_brand&post=6712"},{"taxonomy":"product_cat","embeddable":true,"href":"https:\/\/parisparis.movilizame.com.ar\/index.php?rest_route=%2Fwp%2Fv2%2Fproduct_cat&post=6712"},{"taxonomy":"product_tag","embeddable":true,"href":"https:\/\/parisparis.movilizame.com.ar\/index.php?rest_route=%2Fwp%2Fv2%2Fproduct_tag&post=6712"}],"curies":[{"name":"wp","href":"https:\/\/api.w.org\/{rel}","templated":true}]}}