{"id":6711,"date":"2020-08-10T23:22:27","date_gmt":"2020-08-11T02:22:27","guid":{"rendered":"http:\/\/wp-paris-paris.test\/?product=dorothy-gray-crema-hidratante-de-avena-y-miel"},"modified":"2025-12-15T18:32:13","modified_gmt":"2025-12-15T21:32:13","slug":"dorothy-gray-crema-hidratante-de-avena-y-miel","status":"publish","type":"product","link":"https:\/\/parisparis.movilizame.com.ar\/?product=dorothy-gray-crema-hidratante-de-avena-y-miel","title":{"rendered":"DOROTHY GRAY &#8211; AVENA Y MIEL CREMA HIDRATANTE TERMAL 50 GR"},"content":{"rendered":"<p>Crema Hidratante Hipoalerg\u00e9nica Libre Parabenos:<\/p>\n<p>Sus activos adaptados para las pieles fr\u00e1giles impiden que los agentes externos la resequen o la da\u00f1en. Libre de parabenos. Formulada con:<\/p>\n<p>-Extracto de Avena: ofrece una limpieza profunda y permite absorber toda la suciedad acumulada en los poros, cuidando la estructura de la piel de forma natural manteniendo su pH y ejerce una poderosa acci\u00f3n calmante.<\/p>\n<p>-Miel: proporciona una extrema hidrataci\u00f3n durante todo el d\u00eda, logrando que la piel luzca m\u00e1s flexible y natural.<\/p>\n<p>-Agua Termal: Refuerza el pH, combate la resequedad y aporta un efecto refrescante inmediato.<br \/>\nRecomendada para todo tipo de piel, especialmente para pieles muy sensibles.<\/p>\n<p>-Textura: Crema gel.<\/p>\n<p>Modo de uso: Sobre la piel limpia y tonificada, aplicar una dosis moderada del producto sobre la yema de los dedos y colocar sobre el rostro y cuello con movimientos circulares ascendentes. Uso diario por las ma\u00f1anas.<\/p>\n","protected":false},"excerpt":{"rendered":"<p>Crema Hidratante Hipoalerg\u00e9nica Libre Parabenos: Sus activos adaptados para las pieles fr\u00e1giles impiden que los agentes externos la resequen o&#8230;<\/p>\n","protected":false},"featured_media":7594,"comment_status":"open","ping_status":"closed","template":"","meta":[],"product_brand":[1433],"product_cat":[],"product_tag":[],"class_list":{"0":"post-6711","1":"product","2":"type-product","3":"status-publish","4":"has-post-thumbnail","6":"product_brand-dorothy-gray","8":"first","9":"instock","10":"shipping-taxable","11":"purchasable","12":"product-type-simple"},"_links":{"self":[{"href":"https:\/\/parisparis.movilizame.com.ar\/index.php?rest_route=\/wp\/v2\/product\/6711","targetHints":{"allow":["GET"]}}],"collection":[{"href":"https:\/\/parisparis.movilizame.com.ar\/index.php?rest_route=\/wp\/v2\/product"}],"about":[{"href":"https:\/\/parisparis.movilizame.com.ar\/index.php?rest_route=\/wp\/v2\/types\/product"}],"replies":[{"embeddable":true,"href":"https:\/\/parisparis.movilizame.com.ar\/index.php?rest_route=%2Fwp%2Fv2%2Fcomments&post=6711"}],"wp:featuredmedia":[{"embeddable":true,"href":"https:\/\/parisparis.movilizame.com.ar\/index.php?rest_route=\/wp\/v2\/media\/7594"}],"wp:attachment":[{"href":"https:\/\/parisparis.movilizame.com.ar\/index.php?rest_route=%2Fwp%2Fv2%2Fmedia&parent=6711"}],"wp:term":[{"taxonomy":"product_brand","embeddable":true,"href":"https:\/\/parisparis.movilizame.com.ar\/index.php?rest_route=%2Fwp%2Fv2%2Fproduct_brand&post=6711"},{"taxonomy":"product_cat","embeddable":true,"href":"https:\/\/parisparis.movilizame.com.ar\/index.php?rest_route=%2Fwp%2Fv2%2Fproduct_cat&post=6711"},{"taxonomy":"product_tag","embeddable":true,"href":"https:\/\/parisparis.movilizame.com.ar\/index.php?rest_route=%2Fwp%2Fv2%2Fproduct_tag&post=6711"}],"curies":[{"name":"wp","href":"https:\/\/api.w.org\/{rel}","templated":true}]}}