{"id":6710,"date":"2020-08-10T23:13:40","date_gmt":"2020-08-11T02:13:40","guid":{"rendered":"http:\/\/wp-paris-paris.test\/?product=dorothy-gray-hyaluronic-crema-de-noche-50-g"},"modified":"2025-12-17T11:31:16","modified_gmt":"2025-12-17T14:31:16","slug":"dorothy-gray-hyaluronic-crema-de-noche-50-g","status":"publish","type":"product","link":"https:\/\/parisparis.movilizame.com.ar\/?product=dorothy-gray-hyaluronic-crema-de-noche-50-g","title":{"rendered":"DOROTHY GRAY &#8211; HYALURONIC TRATAMIENTO INTENSIVO DIA Y NOCHE 50 GR"},"content":{"rendered":"<p>Crema Nutritiva de Noche con \u00c1cido Hialur\u00f3nico Hipoalerg\u00e9nica<\/p>\n<p>Genera un efecto instantaneo y visible restaurando el volumen de la piel reduciendo arrugas.<\/p>\n<p>COMPONENTES:<\/p>\n<p>&#8211;Liposomas de Ceramidas: Aseguran la cohesi\u00f3n de las c\u00e9lulas de la capa cornea y forman una barrera que impide la deshidrataci\u00f3n de la piel.<\/p>\n<p>&#8211;Vitamina E: Antioxidante que protege el tejido del da\u00f1o causado por radicales libres y retarda el envejecimiento y confiere suavidad a la piel.<\/p>\n<p>Rejuvenece la piel desde el interior, rellenando las arrugas y dejando la piel suave fresca y renovada.<\/p>\n<p>Textura: Crema liviana y sedosa.<\/p>\n<p>MODO DE USO:<\/p>\n<p>Sobre la piel limpia y tonficada, aplicar una dosis moderada del producto sobre la yema de los dedos y colocar sobre el rostro y cuello con movimientos circulares ascendentes.<\/p>\n<p>Uso diario por la noche. Todo tipo de piel, especialmente sensibles, para +35 a\u00f1os.<\/p>\n","protected":false},"excerpt":{"rendered":"<p>Crema Nutritiva de Noche con \u00c1cido Hialur\u00f3nico Hipoalerg\u00e9nica Genera un efecto instantaneo y visible restaurando el volumen de la piel&#8230;<\/p>\n","protected":false},"featured_media":8625,"comment_status":"open","ping_status":"closed","template":"","meta":[],"product_brand":[1433],"product_cat":[],"product_tag":[],"class_list":{"0":"post-6710","1":"product","2":"type-product","3":"status-publish","4":"has-post-thumbnail","6":"product_brand-dorothy-gray","8":"first","9":"instock","10":"shipping-taxable","11":"purchasable","12":"product-type-simple"},"_links":{"self":[{"href":"https:\/\/parisparis.movilizame.com.ar\/index.php?rest_route=\/wp\/v2\/product\/6710","targetHints":{"allow":["GET"]}}],"collection":[{"href":"https:\/\/parisparis.movilizame.com.ar\/index.php?rest_route=\/wp\/v2\/product"}],"about":[{"href":"https:\/\/parisparis.movilizame.com.ar\/index.php?rest_route=\/wp\/v2\/types\/product"}],"replies":[{"embeddable":true,"href":"https:\/\/parisparis.movilizame.com.ar\/index.php?rest_route=%2Fwp%2Fv2%2Fcomments&post=6710"}],"wp:featuredmedia":[{"embeddable":true,"href":"https:\/\/parisparis.movilizame.com.ar\/index.php?rest_route=\/wp\/v2\/media\/8625"}],"wp:attachment":[{"href":"https:\/\/parisparis.movilizame.com.ar\/index.php?rest_route=%2Fwp%2Fv2%2Fmedia&parent=6710"}],"wp:term":[{"taxonomy":"product_brand","embeddable":true,"href":"https:\/\/parisparis.movilizame.com.ar\/index.php?rest_route=%2Fwp%2Fv2%2Fproduct_brand&post=6710"},{"taxonomy":"product_cat","embeddable":true,"href":"https:\/\/parisparis.movilizame.com.ar\/index.php?rest_route=%2Fwp%2Fv2%2Fproduct_cat&post=6710"},{"taxonomy":"product_tag","embeddable":true,"href":"https:\/\/parisparis.movilizame.com.ar\/index.php?rest_route=%2Fwp%2Fv2%2Fproduct_tag&post=6710"}],"curies":[{"name":"wp","href":"https:\/\/api.w.org\/{rel}","templated":true}]}}