{"id":6709,"date":"2020-08-10T23:12:22","date_gmt":"2020-08-11T02:12:22","guid":{"rendered":"http:\/\/wp-paris-paris.test\/?product=dorothy-gray-hyaluronic-serum-superconcentrado"},"modified":"2025-12-17T11:34:29","modified_gmt":"2025-12-17T14:34:29","slug":"dorothy-gray-hyaluronic-serum-superconcentrado","status":"publish","type":"product","link":"https:\/\/parisparis.movilizame.com.ar\/?product=dorothy-gray-hyaluronic-serum-superconcentrado","title":{"rendered":"DOROTHY GRAY &#8211; HYALURONIC SERUM SUPERCONCENTRADO 30 GR"},"content":{"rendered":"<p>Serum Facial Superconcentrado Hipoalerg\u00e9nico con \u00c1cido Hialur\u00f3nico:<\/p>\n<p>Incrementa la producci\u00f3n de col\u00e1geno difuminando las l\u00edneas de expresi\u00f3n y arrugas de rostro y cuello, mientras repara los da\u00f1os por exposici\u00f3n al medio ambiente.<\/p>\n<p>-\u00c1cido Hialur\u00f3nico: genera un efecto instant\u00e1neo y visible restaurando el volumen de la piel y reduciendo arrugas.<\/p>\n<p>-Col\u00e1geno: restaura la producci\u00f3n de col\u00e1geno y la regeneraci\u00f3n de las c\u00e9lulas que proporcionan al rostro su forma y espesor.<\/p>\n<p>-Elastina: brinda elasticidad a la piel y asegura su firmeza y consistencia.<\/p>\n<p>-Prote\u00edna de Soja: activo natural reafirmante y potenciar de la elasticidad, con poderosa propiedad restauradora.<\/p>\n<p>-Hexap\u00e9ptidos Reparadores: generan y promueven el crecimiento y la adhesi\u00f3n celular, proporcionando firmeza a la piel e incrementando su densidad, reafirmando los tejidos.<br \/>\nRecomendado para todo tipo de piel y piel sensible, ideal para pieles +35 a\u00f1os.<\/p>\n<p>Textura: Suave, delicada y liviana de mayor absorci\u00f3n.<\/p>\n<p>Modo de uso: sobre la piel limpia y tonificada, aplicar una dosis moderada del producto sobre la yema de los dedos y colocar sobre el rostro y cuello (zonas m\u00e1s comprometidas) con movimientos circulares ascendentes, luego colocar el tratamiento facial correspondiente. Uso diario d\u00eda y noche.<\/p>\n","protected":false},"excerpt":{"rendered":"<p>Serum Facial Superconcentrado Hipoalerg\u00e9nico con \u00c1cido Hialur\u00f3nico: Incrementa la producci\u00f3n de col\u00e1geno difuminando las l\u00edneas de expresi\u00f3n y arrugas de&#8230;<\/p>\n","protected":false},"featured_media":8627,"comment_status":"open","ping_status":"closed","template":"","meta":[],"product_brand":[1433],"product_cat":[],"product_tag":[],"class_list":{"0":"post-6709","1":"product","2":"type-product","3":"status-publish","4":"has-post-thumbnail","6":"product_brand-dorothy-gray","8":"first","9":"instock","10":"shipping-taxable","11":"purchasable","12":"product-type-simple"},"_links":{"self":[{"href":"https:\/\/parisparis.movilizame.com.ar\/index.php?rest_route=\/wp\/v2\/product\/6709","targetHints":{"allow":["GET"]}}],"collection":[{"href":"https:\/\/parisparis.movilizame.com.ar\/index.php?rest_route=\/wp\/v2\/product"}],"about":[{"href":"https:\/\/parisparis.movilizame.com.ar\/index.php?rest_route=\/wp\/v2\/types\/product"}],"replies":[{"embeddable":true,"href":"https:\/\/parisparis.movilizame.com.ar\/index.php?rest_route=%2Fwp%2Fv2%2Fcomments&post=6709"}],"wp:featuredmedia":[{"embeddable":true,"href":"https:\/\/parisparis.movilizame.com.ar\/index.php?rest_route=\/wp\/v2\/media\/8627"}],"wp:attachment":[{"href":"https:\/\/parisparis.movilizame.com.ar\/index.php?rest_route=%2Fwp%2Fv2%2Fmedia&parent=6709"}],"wp:term":[{"taxonomy":"product_brand","embeddable":true,"href":"https:\/\/parisparis.movilizame.com.ar\/index.php?rest_route=%2Fwp%2Fv2%2Fproduct_brand&post=6709"},{"taxonomy":"product_cat","embeddable":true,"href":"https:\/\/parisparis.movilizame.com.ar\/index.php?rest_route=%2Fwp%2Fv2%2Fproduct_cat&post=6709"},{"taxonomy":"product_tag","embeddable":true,"href":"https:\/\/parisparis.movilizame.com.ar\/index.php?rest_route=%2Fwp%2Fv2%2Fproduct_tag&post=6709"}],"curies":[{"name":"wp","href":"https:\/\/api.w.org\/{rel}","templated":true}]}}