{"id":6706,"date":"2020-08-10T22:58:56","date_gmt":"2020-08-11T01:58:56","guid":{"rendered":"http:\/\/wp-paris-paris.test\/?product=dorothy-gray-cell-therapy-tratamiento-celulas-madre-crema-de-noche"},"modified":"2025-12-15T19:08:25","modified_gmt":"2025-12-15T22:08:25","slug":"dorothy-gray-cell-therapy-tratamiento-celulas-madre-crema-de-noche","status":"publish","type":"product","link":"https:\/\/parisparis.movilizame.com.ar\/?product=dorothy-gray-cell-therapy-tratamiento-celulas-madre-crema-de-noche","title":{"rendered":"DOROTHY GRAY &#8211; CELL THERAPY CREMA ANTI AGE TRATAMIENTO CELULAS MADRE NOCHE X50GR"},"content":{"rendered":"<p>Crema C\u00e9lulas Madre de Noche Cell Theraphy:<\/p>\n<p>Combate la aparici\u00f3n de l\u00edneas de expresi\u00f3n y arrugas, ayudando a acelerar la renovaci\u00f3n celular y recuperando el volumen facial. Aumenta la hidrataci\u00f3n de la piel. Contiene:<\/p>\n<p>-C\u00e9lulas Madre: Son las precursoras directas de las c\u00e9lulas que se encuentran en las diferentes capas d\u00e9rmicas y epid\u00e9rmicas. Con el paso del tiempo se ralentiza su actividad y la piel pierde su capacidad de renovaci\u00f3n, ocasionando opacidad, flacidez y arrugas profundas. \u00c9stas, activan la regeneraci\u00f3n celular, fortaleciendo la estructura del tejido y mejorando la calidad y textura de la piel.<\/p>\n<p>-Complex de Minerales: Estimulan la oxigenaci\u00f3n celular.<\/p>\n<p>Recomendado para todo tipo de piel, +45.<\/p>\n<p>Textura: Suave y liviana de mayor absorci\u00f3n.<\/p>\n<p>Modo de uso: Sobre la piel limpia y tonificada, aplicar una dosis moderada del producto sobre la yema de los dedos y colocar sobre el rostro y cuello con movimientos circulares ascendentes. Uso diario por la noche.<\/p>\n","protected":false},"excerpt":{"rendered":"<p>Crema C\u00e9lulas Madre de Noche Cell Theraphy: Combate la aparici\u00f3n de l\u00edneas de expresi\u00f3n y arrugas, ayudando a acelerar la&#8230;<\/p>\n","protected":false},"featured_media":8631,"comment_status":"open","ping_status":"closed","template":"","meta":[],"product_brand":[1433],"product_cat":[],"product_tag":[],"class_list":{"0":"post-6706","1":"product","2":"type-product","3":"status-publish","4":"has-post-thumbnail","6":"product_brand-dorothy-gray","8":"first","9":"instock","10":"shipping-taxable","11":"purchasable","12":"product-type-simple"},"_links":{"self":[{"href":"https:\/\/parisparis.movilizame.com.ar\/index.php?rest_route=\/wp\/v2\/product\/6706","targetHints":{"allow":["GET"]}}],"collection":[{"href":"https:\/\/parisparis.movilizame.com.ar\/index.php?rest_route=\/wp\/v2\/product"}],"about":[{"href":"https:\/\/parisparis.movilizame.com.ar\/index.php?rest_route=\/wp\/v2\/types\/product"}],"replies":[{"embeddable":true,"href":"https:\/\/parisparis.movilizame.com.ar\/index.php?rest_route=%2Fwp%2Fv2%2Fcomments&post=6706"}],"wp:featuredmedia":[{"embeddable":true,"href":"https:\/\/parisparis.movilizame.com.ar\/index.php?rest_route=\/wp\/v2\/media\/8631"}],"wp:attachment":[{"href":"https:\/\/parisparis.movilizame.com.ar\/index.php?rest_route=%2Fwp%2Fv2%2Fmedia&parent=6706"}],"wp:term":[{"taxonomy":"product_brand","embeddable":true,"href":"https:\/\/parisparis.movilizame.com.ar\/index.php?rest_route=%2Fwp%2Fv2%2Fproduct_brand&post=6706"},{"taxonomy":"product_cat","embeddable":true,"href":"https:\/\/parisparis.movilizame.com.ar\/index.php?rest_route=%2Fwp%2Fv2%2Fproduct_cat&post=6706"},{"taxonomy":"product_tag","embeddable":true,"href":"https:\/\/parisparis.movilizame.com.ar\/index.php?rest_route=%2Fwp%2Fv2%2Fproduct_tag&post=6706"}],"curies":[{"name":"wp","href":"https:\/\/api.w.org\/{rel}","templated":true}]}}