{"id":6700,"date":"2020-08-10T19:24:53","date_gmt":"2020-08-10T22:24:53","guid":{"rendered":"http:\/\/wp-paris-paris.test\/?product=dorothy-gray-gel-de-limpieza-skin-secrets"},"modified":"2025-12-10T11:59:46","modified_gmt":"2025-12-10T14:59:46","slug":"dorothy-gray-gel-de-limpieza-skin-secrets","status":"publish","type":"product","link":"https:\/\/parisparis.movilizame.com.ar\/?product=dorothy-gray-gel-de-limpieza-skin-secrets","title":{"rendered":"DOROTHY GRAY &#8211; SKIN SECRETS GEL DE LIMPIEZA 200 GR"},"content":{"rendered":"<p>Gel de limpieza Facial Style:<\/p>\n<p>Elimina las impurezas de la piel acumuladas durante el d\u00eda y la noche y quita todo excedente de oleosidad evitando la aparici\u00f3n de puntos negros y brillo excesivo. F\u00f3rmula con Agentes Oleoreguladores:<\/p>\n<p>Purifican y limpian la piel profundamente y regulan los excedentes de oleosidad.<br \/>\nRecomendado para pieles Normales a Grasas.<\/p>\n<p>Textura: gel.<\/p>\n<p>Modo de uso: Colocar una dosis moderada del producto sobre la yema de los dedos y aplicar sobre el rostro y cuello con movimientos circulares ascendentes, retirar con abundante agua. Utilizar por la ma\u00f1ana y noche. Uso diario.<\/p>\n","protected":false},"excerpt":{"rendered":"<p>Gel de limpieza Facial Style: Elimina las impurezas de la piel acumuladas durante el d\u00eda y la noche y quita&#8230;<\/p>\n","protected":false},"featured_media":7584,"comment_status":"open","ping_status":"closed","template":"","meta":[],"product_brand":[1433],"product_cat":[],"product_tag":[],"class_list":{"0":"post-6700","1":"product","2":"type-product","3":"status-publish","4":"has-post-thumbnail","6":"product_brand-dorothy-gray","8":"first","9":"instock","10":"shipping-taxable","11":"purchasable","12":"product-type-simple"},"_links":{"self":[{"href":"https:\/\/parisparis.movilizame.com.ar\/index.php?rest_route=\/wp\/v2\/product\/6700","targetHints":{"allow":["GET"]}}],"collection":[{"href":"https:\/\/parisparis.movilizame.com.ar\/index.php?rest_route=\/wp\/v2\/product"}],"about":[{"href":"https:\/\/parisparis.movilizame.com.ar\/index.php?rest_route=\/wp\/v2\/types\/product"}],"replies":[{"embeddable":true,"href":"https:\/\/parisparis.movilizame.com.ar\/index.php?rest_route=%2Fwp%2Fv2%2Fcomments&post=6700"}],"wp:featuredmedia":[{"embeddable":true,"href":"https:\/\/parisparis.movilizame.com.ar\/index.php?rest_route=\/wp\/v2\/media\/7584"}],"wp:attachment":[{"href":"https:\/\/parisparis.movilizame.com.ar\/index.php?rest_route=%2Fwp%2Fv2%2Fmedia&parent=6700"}],"wp:term":[{"taxonomy":"product_brand","embeddable":true,"href":"https:\/\/parisparis.movilizame.com.ar\/index.php?rest_route=%2Fwp%2Fv2%2Fproduct_brand&post=6700"},{"taxonomy":"product_cat","embeddable":true,"href":"https:\/\/parisparis.movilizame.com.ar\/index.php?rest_route=%2Fwp%2Fv2%2Fproduct_cat&post=6700"},{"taxonomy":"product_tag","embeddable":true,"href":"https:\/\/parisparis.movilizame.com.ar\/index.php?rest_route=%2Fwp%2Fv2%2Fproduct_tag&post=6700"}],"curies":[{"name":"wp","href":"https:\/\/api.w.org\/{rel}","templated":true}]}}