{"id":6685,"date":"2020-08-08T23:20:12","date_gmt":"2020-08-09T02:20:12","guid":{"rendered":"http:\/\/wp-paris-paris.test\/?product=ralph-lauren-polo-blue-edt-x-125-ml"},"modified":"2025-11-17T18:30:42","modified_gmt":"2025-11-17T21:30:42","slug":"ralph-lauren-polo-blue-edt-x-125-ml","status":"publish","type":"product","link":"https:\/\/parisparis.movilizame.com.ar\/?product=ralph-lauren-polo-blue-edt-x-125-ml","title":{"rendered":"RALPH LAUREN &#8211; POLO BLUE EDT 125 ML"},"content":{"rendered":"<p>Polo Blue Eau de Toilette es una fragancia acu\u00e1tica y vigorizante para hombres de Ralph Lauren. Esta fragancia masculina es ligera y f\u00e1cil de usar y puede presumir de una estela moderada, especialmente cuando se usa con otros productos asociados como el gel de ba\u00f1o o la loci\u00f3n para despu\u00e9s del afeitado Polo Blue EDT. Polo Blue tiene una buena proyecci\u00f3n y puede durar hasta siete horas.<\/p>\n<p><strong>Notas de salida:<\/strong>\u00a0Mel\u00f3n cantalupo, pepino, mel\u00f3n jugoso y aceite de bergamota.<br \/>\n<strong>Notas de coraz\u00f3n:<\/strong>\u00a0Acordes acu\u00e1ticos, aceite de salvia clara, aceite de geranio y aceite de verbena y albahaca.<br \/>\n<strong>Notas de fondo:<\/strong>\u00a0Coraz\u00f3n de pachul\u00ed y almizcle puro.<\/p>\n","protected":false},"excerpt":{"rendered":"<p>Polo Blue Eau de Toilette es una fragancia acu\u00e1tica y vigorizante para hombres de Ralph Lauren. Esta fragancia masculina es&#8230;<\/p>\n","protected":false},"featured_media":8393,"comment_status":"open","ping_status":"closed","template":"","meta":[],"product_brand":[1454],"product_cat":[],"product_tag":[],"class_list":{"0":"post-6685","1":"product","2":"type-product","3":"status-publish","4":"has-post-thumbnail","6":"product_brand-ralph-lauren","8":"first","9":"instock","10":"shipping-taxable","11":"purchasable","12":"product-type-simple"},"_links":{"self":[{"href":"https:\/\/parisparis.movilizame.com.ar\/index.php?rest_route=\/wp\/v2\/product\/6685","targetHints":{"allow":["GET"]}}],"collection":[{"href":"https:\/\/parisparis.movilizame.com.ar\/index.php?rest_route=\/wp\/v2\/product"}],"about":[{"href":"https:\/\/parisparis.movilizame.com.ar\/index.php?rest_route=\/wp\/v2\/types\/product"}],"replies":[{"embeddable":true,"href":"https:\/\/parisparis.movilizame.com.ar\/index.php?rest_route=%2Fwp%2Fv2%2Fcomments&post=6685"}],"wp:featuredmedia":[{"embeddable":true,"href":"https:\/\/parisparis.movilizame.com.ar\/index.php?rest_route=\/wp\/v2\/media\/8393"}],"wp:attachment":[{"href":"https:\/\/parisparis.movilizame.com.ar\/index.php?rest_route=%2Fwp%2Fv2%2Fmedia&parent=6685"}],"wp:term":[{"taxonomy":"product_brand","embeddable":true,"href":"https:\/\/parisparis.movilizame.com.ar\/index.php?rest_route=%2Fwp%2Fv2%2Fproduct_brand&post=6685"},{"taxonomy":"product_cat","embeddable":true,"href":"https:\/\/parisparis.movilizame.com.ar\/index.php?rest_route=%2Fwp%2Fv2%2Fproduct_cat&post=6685"},{"taxonomy":"product_tag","embeddable":true,"href":"https:\/\/parisparis.movilizame.com.ar\/index.php?rest_route=%2Fwp%2Fv2%2Fproduct_tag&post=6685"}],"curies":[{"name":"wp","href":"https:\/\/api.w.org\/{rel}","templated":true}]}}