{"id":6684,"date":"2020-08-08T23:17:24","date_gmt":"2020-08-09T02:17:24","guid":{"rendered":"http:\/\/wp-paris-paris.test\/?product=ralph-lauren-polo-black-edt-x-125-ml"},"modified":"2025-11-17T18:32:00","modified_gmt":"2025-11-17T21:32:00","slug":"ralph-lauren-polo-black-edt-x-125-ml","status":"publish","type":"product","link":"https:\/\/parisparis.movilizame.com.ar\/?product=ralph-lauren-polo-black-edt-x-125-ml","title":{"rendered":"RALPH LAUREN &#8211; POLO BLACK EDT 125 ML"},"content":{"rendered":"<p>Polo Black es la fragancia que te transporta a la seducci\u00f3n de la vida nocturna. Es una fragancia con una fusi\u00f3n arom\u00e1tica amaderada, creada par a aquellos hombres sofisticados y seguros de s\u00ed mismos que viven su vida con elegancia.<\/p>\n<p><strong>Notas de salida:<\/strong>\u00a0Mango helado, savia espa\u00f1ola.<br \/>\n<strong>Notas de coraz\u00f3n:<\/strong>\u00a0Armonia de liquido lozano.<br \/>\n<strong>Notas de fondo:<\/strong>\u00a0Pachul\u00ed negro.<\/p>\n<p>&nbsp;<\/p>\n","protected":false},"excerpt":{"rendered":"<p>Polo Black es la fragancia que te transporta a la seducci\u00f3n de la vida nocturna. Es una fragancia con una&#8230;<\/p>\n","protected":false},"featured_media":7571,"comment_status":"open","ping_status":"closed","template":"","meta":[],"product_brand":[1454],"product_cat":[],"product_tag":[],"class_list":{"0":"post-6684","1":"product","2":"type-product","3":"status-publish","4":"has-post-thumbnail","6":"product_brand-ralph-lauren","8":"first","9":"instock","10":"shipping-taxable","11":"purchasable","12":"product-type-simple"},"_links":{"self":[{"href":"https:\/\/parisparis.movilizame.com.ar\/index.php?rest_route=\/wp\/v2\/product\/6684","targetHints":{"allow":["GET"]}}],"collection":[{"href":"https:\/\/parisparis.movilizame.com.ar\/index.php?rest_route=\/wp\/v2\/product"}],"about":[{"href":"https:\/\/parisparis.movilizame.com.ar\/index.php?rest_route=\/wp\/v2\/types\/product"}],"replies":[{"embeddable":true,"href":"https:\/\/parisparis.movilizame.com.ar\/index.php?rest_route=%2Fwp%2Fv2%2Fcomments&post=6684"}],"wp:featuredmedia":[{"embeddable":true,"href":"https:\/\/parisparis.movilizame.com.ar\/index.php?rest_route=\/wp\/v2\/media\/7571"}],"wp:attachment":[{"href":"https:\/\/parisparis.movilizame.com.ar\/index.php?rest_route=%2Fwp%2Fv2%2Fmedia&parent=6684"}],"wp:term":[{"taxonomy":"product_brand","embeddable":true,"href":"https:\/\/parisparis.movilizame.com.ar\/index.php?rest_route=%2Fwp%2Fv2%2Fproduct_brand&post=6684"},{"taxonomy":"product_cat","embeddable":true,"href":"https:\/\/parisparis.movilizame.com.ar\/index.php?rest_route=%2Fwp%2Fv2%2Fproduct_cat&post=6684"},{"taxonomy":"product_tag","embeddable":true,"href":"https:\/\/parisparis.movilizame.com.ar\/index.php?rest_route=%2Fwp%2Fv2%2Fproduct_tag&post=6684"}],"curies":[{"name":"wp","href":"https:\/\/api.w.org\/{rel}","templated":true}]}}