{"id":6683,"date":"2020-08-08T23:05:11","date_gmt":"2020-08-09T02:05:11","guid":{"rendered":"http:\/\/wp-paris-paris.test\/?product=paco-rabanne-one-million-edt-x-100-ml"},"modified":"2026-03-02T12:59:34","modified_gmt":"2026-03-02T15:59:34","slug":"paco-rabanne-one-million-edt-x-100-ml","status":"publish","type":"product","link":"https:\/\/parisparis.movilizame.com.ar\/?product=paco-rabanne-one-million-edt-x-100-ml","title":{"rendered":"PACO RABANNE &#8211; ONE MILLION EDT"},"content":{"rendered":"<p>La vida es demasiado corta para seguir siempre las reglas. Atr\u00e9vete a cumplir tus sue\u00f1os y presumir tu personalidad.<br \/>\nEl aroma de la audacia, con una estela seductora e irresistible.<br \/>\nRegla de oro: conseguir siempre lo que quiere.<br \/>\nSu emblema: un lingote. Su fragancia: una alquimia ardiente y deslumbrante que envuelve y cautiva al instante.<\/p>\n<p><strong>Notas de salida:<\/strong>\u00a0Mandarina roja, pomelo y menta.<br \/>\n<strong>Notas de coraz\u00f3n:<\/strong>\u00a0Canela, notas especiadas y rosa.<br \/>\n<strong>Notas de fondo:<\/strong>\u00a0\u00c1mbar, cuero, notas amaderadas y pachul\u00ed hind\u00fa.<\/p>\n","protected":false},"excerpt":{"rendered":"<p>La vida es demasiado corta para seguir siempre las reglas. Atr\u00e9vete a cumplir tus sue\u00f1os y presumir tu personalidad. El&#8230;<\/p>\n","protected":false},"featured_media":7570,"comment_status":"open","ping_status":"closed","template":"","meta":[],"product_brand":[1413],"product_cat":[],"product_tag":[],"class_list":{"0":"post-6683","1":"product","2":"type-product","3":"status-publish","4":"has-post-thumbnail","6":"product_brand-paco-rabanne","8":"first","9":"instock","10":"shipping-taxable","11":"purchasable","12":"product-type-variable"},"_links":{"self":[{"href":"https:\/\/parisparis.movilizame.com.ar\/index.php?rest_route=\/wp\/v2\/product\/6683","targetHints":{"allow":["GET"]}}],"collection":[{"href":"https:\/\/parisparis.movilizame.com.ar\/index.php?rest_route=\/wp\/v2\/product"}],"about":[{"href":"https:\/\/parisparis.movilizame.com.ar\/index.php?rest_route=\/wp\/v2\/types\/product"}],"replies":[{"embeddable":true,"href":"https:\/\/parisparis.movilizame.com.ar\/index.php?rest_route=%2Fwp%2Fv2%2Fcomments&post=6683"}],"wp:featuredmedia":[{"embeddable":true,"href":"https:\/\/parisparis.movilizame.com.ar\/index.php?rest_route=\/wp\/v2\/media\/7570"}],"wp:attachment":[{"href":"https:\/\/parisparis.movilizame.com.ar\/index.php?rest_route=%2Fwp%2Fv2%2Fmedia&parent=6683"}],"wp:term":[{"taxonomy":"product_brand","embeddable":true,"href":"https:\/\/parisparis.movilizame.com.ar\/index.php?rest_route=%2Fwp%2Fv2%2Fproduct_brand&post=6683"},{"taxonomy":"product_cat","embeddable":true,"href":"https:\/\/parisparis.movilizame.com.ar\/index.php?rest_route=%2Fwp%2Fv2%2Fproduct_cat&post=6683"},{"taxonomy":"product_tag","embeddable":true,"href":"https:\/\/parisparis.movilizame.com.ar\/index.php?rest_route=%2Fwp%2Fv2%2Fproduct_tag&post=6683"}],"curies":[{"name":"wp","href":"https:\/\/api.w.org\/{rel}","templated":true}]}}