{"id":6680,"date":"2020-08-08T22:39:16","date_gmt":"2020-08-09T01:39:16","guid":{"rendered":"http:\/\/wp-paris-paris.test\/?product=paco-rabanne-invictus-edt-x100-ml-x-100-ml"},"modified":"2026-03-02T12:59:36","modified_gmt":"2026-03-02T15:59:36","slug":"paco-rabanne-invictus-edt-x100-ml-x-100-ml","status":"publish","type":"product","link":"https:\/\/parisparis.movilizame.com.ar\/?product=paco-rabanne-invictus-edt-x100-ml-x-100-ml","title":{"rendered":"PACO RABANNE &#8211; INVICTUS EDT"},"content":{"rendered":"<p>Una fragancia que hace sentir la esencia de la victoria, dos fuerzas inesperadas al un\u00edsono: \u00e9xtasis y adicci\u00f3n.<\/p>\n<p>Su frescura y sensualidad son el alma de la virilidad contempor\u00e1nea. Es un choque inesperado dedos mundos, fuerzas, valores y emociones.<\/p>\n<p>El hombre Invictus s\u00f3lo tiene una meta: la victoria, nadie puede competir contra \u00e9l.<\/p>\n<p>Notas de Salida: pomelo, mandarina y notas marinas.<\/p>\n<p>Notas de coraz\u00f3n: jazm\u00edn y hojas de laurel.<\/p>\n<p>Notas de fondo: musgo de roble, madera de gaiac, \u00e1mbar gris y pachul\u00ed.<\/p>\n","protected":false},"excerpt":{"rendered":"<p>Una fragancia que hace sentir la esencia de la victoria, dos fuerzas inesperadas al un\u00edsono: \u00e9xtasis y adicci\u00f3n. Su frescura&#8230;<\/p>\n","protected":false},"featured_media":7567,"comment_status":"open","ping_status":"closed","template":"","meta":[],"product_brand":[1413],"product_cat":[],"product_tag":[],"class_list":{"0":"post-6680","1":"product","2":"type-product","3":"status-publish","4":"has-post-thumbnail","6":"product_brand-paco-rabanne","8":"first","9":"instock","10":"shipping-taxable","11":"purchasable","12":"product-type-variable"},"_links":{"self":[{"href":"https:\/\/parisparis.movilizame.com.ar\/index.php?rest_route=\/wp\/v2\/product\/6680","targetHints":{"allow":["GET"]}}],"collection":[{"href":"https:\/\/parisparis.movilizame.com.ar\/index.php?rest_route=\/wp\/v2\/product"}],"about":[{"href":"https:\/\/parisparis.movilizame.com.ar\/index.php?rest_route=\/wp\/v2\/types\/product"}],"replies":[{"embeddable":true,"href":"https:\/\/parisparis.movilizame.com.ar\/index.php?rest_route=%2Fwp%2Fv2%2Fcomments&post=6680"}],"wp:featuredmedia":[{"embeddable":true,"href":"https:\/\/parisparis.movilizame.com.ar\/index.php?rest_route=\/wp\/v2\/media\/7567"}],"wp:attachment":[{"href":"https:\/\/parisparis.movilizame.com.ar\/index.php?rest_route=%2Fwp%2Fv2%2Fmedia&parent=6680"}],"wp:term":[{"taxonomy":"product_brand","embeddable":true,"href":"https:\/\/parisparis.movilizame.com.ar\/index.php?rest_route=%2Fwp%2Fv2%2Fproduct_brand&post=6680"},{"taxonomy":"product_cat","embeddable":true,"href":"https:\/\/parisparis.movilizame.com.ar\/index.php?rest_route=%2Fwp%2Fv2%2Fproduct_cat&post=6680"},{"taxonomy":"product_tag","embeddable":true,"href":"https:\/\/parisparis.movilizame.com.ar\/index.php?rest_route=%2Fwp%2Fv2%2Fproduct_tag&post=6680"}],"curies":[{"name":"wp","href":"https:\/\/api.w.org\/{rel}","templated":true}]}}