{"id":6670,"date":"2020-08-08T17:47:59","date_gmt":"2020-08-08T20:47:59","guid":{"rendered":"http:\/\/wp-paris-paris.test\/?product=dior-sauvage-edt-x100ml-x-100-ml"},"modified":"2025-11-14T18:56:35","modified_gmt":"2025-11-14T21:56:35","slug":"dior-sauvage-edt-x100ml-x-100-ml","status":"publish","type":"product","link":"https:\/\/parisparis.movilizame.com.ar\/?product=dior-sauvage-edt-x100ml-x-100-ml","title":{"rendered":"DIOR &#8211; SAUVAGE EDT"},"content":{"rendered":"<p>Sauvage Christian Dior es una fragancia de la familia olfativa Arom\u00e1tica Foug\u00e8re para Hombres.<\/p>\n<p>Una masculinidad verdadera e inconfundible, una imagen\u00a0moderna\u00a0y atemporal.<\/p>\n<p>Sauvage es un acto de creaci\u00f3n inspirado en grandes espacios abiertos.<\/p>\n<p>Un cielo azul ozono que se extiende sobre el desierto rocoso bajo el sol ardiente.<\/p>\n<p>Descripci\u00f3n:<\/p>\n<p>La Nariz detr\u00e1s de esta fragancia es Francois Demachy.<\/p>\n<p>Las Notas de Salida son pimienta y bergamota de Calabria; las Notas de Coraz\u00f3n son geranio, lavanda, pimienta de Sichuan, elem\u00ed, pimienta rosa, vetiver y pachul\u00ed; las Notas de Fondo son cedro, l\u00e1dano y ambroxan.<\/p>\n","protected":false},"excerpt":{"rendered":"<p>Sauvage Christian Dior es una fragancia de la familia olfativa Arom\u00e1tica Foug\u00e8re para Hombres. Una masculinidad verdadera e inconfundible, una&#8230;<\/p>\n","protected":false},"featured_media":7557,"comment_status":"open","ping_status":"closed","template":"","meta":[],"product_brand":[1416],"product_cat":[],"product_tag":[],"class_list":{"0":"post-6670","1":"product","2":"type-product","3":"status-publish","4":"has-post-thumbnail","6":"product_brand-dior","8":"first","9":"instock","10":"shipping-taxable","11":"purchasable","12":"product-type-variable"},"_links":{"self":[{"href":"https:\/\/parisparis.movilizame.com.ar\/index.php?rest_route=\/wp\/v2\/product\/6670","targetHints":{"allow":["GET"]}}],"collection":[{"href":"https:\/\/parisparis.movilizame.com.ar\/index.php?rest_route=\/wp\/v2\/product"}],"about":[{"href":"https:\/\/parisparis.movilizame.com.ar\/index.php?rest_route=\/wp\/v2\/types\/product"}],"replies":[{"embeddable":true,"href":"https:\/\/parisparis.movilizame.com.ar\/index.php?rest_route=%2Fwp%2Fv2%2Fcomments&post=6670"}],"wp:featuredmedia":[{"embeddable":true,"href":"https:\/\/parisparis.movilizame.com.ar\/index.php?rest_route=\/wp\/v2\/media\/7557"}],"wp:attachment":[{"href":"https:\/\/parisparis.movilizame.com.ar\/index.php?rest_route=%2Fwp%2Fv2%2Fmedia&parent=6670"}],"wp:term":[{"taxonomy":"product_brand","embeddable":true,"href":"https:\/\/parisparis.movilizame.com.ar\/index.php?rest_route=%2Fwp%2Fv2%2Fproduct_brand&post=6670"},{"taxonomy":"product_cat","embeddable":true,"href":"https:\/\/parisparis.movilizame.com.ar\/index.php?rest_route=%2Fwp%2Fv2%2Fproduct_cat&post=6670"},{"taxonomy":"product_tag","embeddable":true,"href":"https:\/\/parisparis.movilizame.com.ar\/index.php?rest_route=%2Fwp%2Fv2%2Fproduct_tag&post=6670"}],"curies":[{"name":"wp","href":"https:\/\/api.w.org\/{rel}","templated":true}]}}