{"id":6667,"date":"2020-08-08T16:06:56","date_gmt":"2020-08-08T19:06:56","guid":{"rendered":"http:\/\/wp-paris-paris.test\/?product=dior-poison-edt-100ml-x-100-ml"},"modified":"2025-11-14T19:03:24","modified_gmt":"2025-11-14T22:03:24","slug":"dior-poison-edt-100ml-x-100-ml","status":"publish","type":"product","link":"https:\/\/parisparis.movilizame.com.ar\/?product=dior-poison-edt-100ml-x-100-ml","title":{"rendered":"DIOR &#8211; POISON EDT 100 ML"},"content":{"rendered":"<p><b>Poison<\/b>\u00a0de\u00a0<b>Dior<\/b>\u00a0es una fragancia de la familia olfativa Oriental Floral para Mujeres.\u00a0<b>Poison<\/b> se lanz\u00f3 en 1985, fue creada por Edouard Flechier y Maurice Roger.<\/p>\n<p>Las Notas de Salida son ciruela, bayas silvestres, cilantro, an\u00eds y palo de rosa de Brasil.<\/p>\n<p>las Notas de Coraz\u00f3n son nardos, incienso, miel blanca, canela, opop\u00f3naco, clavel, jazm\u00edn, flor del naranjo africano y rosas.<\/p>\n<p>las Notas de Fondo son vainilla, \u00e1mbar, s\u00e1ndalo, almizcle, heliotropo, vetiver y cedro de Virginia<\/p>\n","protected":false},"excerpt":{"rendered":"<p>Poison\u00a0de\u00a0Dior\u00a0es una fragancia de la familia olfativa Oriental Floral para Mujeres.\u00a0Poison se lanz\u00f3 en 1985, fue creada por Edouard Flechier&#8230;<\/p>\n","protected":false},"featured_media":8336,"comment_status":"open","ping_status":"closed","template":"","meta":[],"product_brand":[1416],"product_cat":[],"product_tag":[],"class_list":{"0":"post-6667","1":"product","2":"type-product","3":"status-publish","4":"has-post-thumbnail","6":"product_brand-dior","8":"first","9":"outofstock","10":"shipping-taxable","11":"purchasable","12":"product-type-simple"},"_links":{"self":[{"href":"https:\/\/parisparis.movilizame.com.ar\/index.php?rest_route=\/wp\/v2\/product\/6667","targetHints":{"allow":["GET"]}}],"collection":[{"href":"https:\/\/parisparis.movilizame.com.ar\/index.php?rest_route=\/wp\/v2\/product"}],"about":[{"href":"https:\/\/parisparis.movilizame.com.ar\/index.php?rest_route=\/wp\/v2\/types\/product"}],"replies":[{"embeddable":true,"href":"https:\/\/parisparis.movilizame.com.ar\/index.php?rest_route=%2Fwp%2Fv2%2Fcomments&post=6667"}],"wp:featuredmedia":[{"embeddable":true,"href":"https:\/\/parisparis.movilizame.com.ar\/index.php?rest_route=\/wp\/v2\/media\/8336"}],"wp:attachment":[{"href":"https:\/\/parisparis.movilizame.com.ar\/index.php?rest_route=%2Fwp%2Fv2%2Fmedia&parent=6667"}],"wp:term":[{"taxonomy":"product_brand","embeddable":true,"href":"https:\/\/parisparis.movilizame.com.ar\/index.php?rest_route=%2Fwp%2Fv2%2Fproduct_brand&post=6667"},{"taxonomy":"product_cat","embeddable":true,"href":"https:\/\/parisparis.movilizame.com.ar\/index.php?rest_route=%2Fwp%2Fv2%2Fproduct_cat&post=6667"},{"taxonomy":"product_tag","embeddable":true,"href":"https:\/\/parisparis.movilizame.com.ar\/index.php?rest_route=%2Fwp%2Fv2%2Fproduct_tag&post=6667"}],"curies":[{"name":"wp","href":"https:\/\/api.w.org\/{rel}","templated":true}]}}