{"id":6662,"date":"2020-08-07T14:18:39","date_gmt":"2020-08-07T17:18:39","guid":{"rendered":"http:\/\/wp-paris-paris.test\/?product=cacharel-amor-amor-edt-30-ml-x-30-ml"},"modified":"2025-11-17T17:25:04","modified_gmt":"2025-11-17T20:25:04","slug":"cacharel-amor-amor-edt-30-ml-x-30-ml","status":"publish","type":"product","link":"https:\/\/parisparis.movilizame.com.ar\/?product=cacharel-amor-amor-edt-30-ml-x-30-ml","title":{"rendered":"CACHAREL &#8211; AMOR AMOR EDT"},"content":{"rendered":"<p>Amor Amor Eau de Toilette de Cacharel es una fragancia que encapsula la pasi\u00f3n y la intensidad del primer amor, dise\u00f1ada para la mujer joven y vibrante que vive cada momento con emoci\u00f3n y autenticidad.<br \/>\nAmor Amor es una invitaci\u00f3n a vivir el amor en su forma m\u00e1s pura y apasionada. Desde el primer acorde, la fragancia despierta los sentidos con una explosi\u00f3n de frescura y dulzura, evocando la emoci\u00f3n de un amor joven y vibrante.<\/p>\n<p><strong>Notas de salida:<\/strong>\u00a0Pomelo rosa, Mandarina, Grosella negra y Naranja sanguina<br \/>\n<strong>Notas de coraz\u00f3n:<\/strong>\u00a0Flor de melati, Rosa y Lirio del valle<br \/>\n<strong>Notas de fondo:<\/strong>\u00a0Vainilla, s\u00e1ndalo y Alzmicles blancos<\/p>\n<p>Esta fragancia es perfecta para la mujer que se siente libre, apasionada y aut\u00e9ntica, disfrutando de cada momento con intensidad y emoci\u00f3n.<\/p>\n","protected":false},"excerpt":{"rendered":"<p>Amor Amor Eau de Toilette de Cacharel es una fragancia que encapsula la pasi\u00f3n y la intensidad del primer amor,&#8230;<\/p>\n","protected":false},"featured_media":8318,"comment_status":"open","ping_status":"closed","template":"","meta":[],"product_brand":[1472],"product_cat":[],"product_tag":[],"class_list":{"0":"post-6662","1":"product","2":"type-product","3":"status-publish","4":"has-post-thumbnail","6":"product_brand-cacharel","8":"first","9":"instock","10":"shipping-taxable","11":"purchasable","12":"product-type-variable"},"_links":{"self":[{"href":"https:\/\/parisparis.movilizame.com.ar\/index.php?rest_route=\/wp\/v2\/product\/6662","targetHints":{"allow":["GET"]}}],"collection":[{"href":"https:\/\/parisparis.movilizame.com.ar\/index.php?rest_route=\/wp\/v2\/product"}],"about":[{"href":"https:\/\/parisparis.movilizame.com.ar\/index.php?rest_route=\/wp\/v2\/types\/product"}],"replies":[{"embeddable":true,"href":"https:\/\/parisparis.movilizame.com.ar\/index.php?rest_route=%2Fwp%2Fv2%2Fcomments&post=6662"}],"wp:featuredmedia":[{"embeddable":true,"href":"https:\/\/parisparis.movilizame.com.ar\/index.php?rest_route=\/wp\/v2\/media\/8318"}],"wp:attachment":[{"href":"https:\/\/parisparis.movilizame.com.ar\/index.php?rest_route=%2Fwp%2Fv2%2Fmedia&parent=6662"}],"wp:term":[{"taxonomy":"product_brand","embeddable":true,"href":"https:\/\/parisparis.movilizame.com.ar\/index.php?rest_route=%2Fwp%2Fv2%2Fproduct_brand&post=6662"},{"taxonomy":"product_cat","embeddable":true,"href":"https:\/\/parisparis.movilizame.com.ar\/index.php?rest_route=%2Fwp%2Fv2%2Fproduct_cat&post=6662"},{"taxonomy":"product_tag","embeddable":true,"href":"https:\/\/parisparis.movilizame.com.ar\/index.php?rest_route=%2Fwp%2Fv2%2Fproduct_tag&post=6662"}],"curies":[{"name":"wp","href":"https:\/\/api.w.org\/{rel}","templated":true}]}}