{"id":6659,"date":"2020-08-07T00:58:10","date_gmt":"2020-08-07T03:58:10","guid":{"rendered":"http:\/\/wp-paris-paris.test\/?product=giorgio-armani-acqua-di-gio-pour-homme-x-30-ml"},"modified":"2026-03-04T11:24:55","modified_gmt":"2026-03-04T14:24:55","slug":"giorgio-armani-acqua-di-gio-pour-homme-x-30-ml","status":"publish","type":"product","link":"https:\/\/parisparis.movilizame.com.ar\/?product=giorgio-armani-acqua-di-gio-pour-homme-x-30-ml","title":{"rendered":"GIORGIO ARMANI &#8211; ACQUA DI GIO POUR HOMME 30 ML"},"content":{"rendered":"<p><b>Acqua di Gio<\/b>\u00a0de\u00a0<b>Giorgio Armani<\/b>\u00a0es una fragancia de la familia olfativa Arom\u00e1tica Acu\u00e1tica para Hombres.\u00a0<b>Acqua di Gio<\/b>\u00a0se lanz\u00f3 en 1996. Acqua di Gio fue creada por Alberto Morillas, Annick Menardo y Christian Dussoulier. Las Notas de Salida son lima (lim\u00f3n verde), lim\u00f3n (lima \u00e1cida), bergamota, jazm\u00edn, naranja, mandarina y neroli; las Notas de Coraz\u00f3n son notas marinas, jazm\u00edn, calone, romero, durazno (melocot\u00f3n), fresia, jacinto, ciclamen (violeta persa), violeta, cilantro, rosa, nuez moscada y reseda (mi\u00f1oneta); las Notas de Fondo son almizcle blanco, cedro, musgo de roble, pachul\u00ed y \u00e1mbar.<\/p>\n","protected":false},"excerpt":{"rendered":"<p>Acqua di Gio\u00a0de\u00a0Giorgio Armani\u00a0es una fragancia de la familia olfativa Arom\u00e1tica Acu\u00e1tica para Hombres.\u00a0Acqua di Gio\u00a0se lanz\u00f3 en 1996. Acqua&#8230;<\/p>\n","protected":false},"featured_media":8735,"comment_status":"open","ping_status":"closed","template":"","meta":[],"product_brand":[1473],"product_cat":[],"product_tag":[],"class_list":{"0":"post-6659","1":"product","2":"type-product","3":"status-publish","4":"has-post-thumbnail","6":"product_brand-giorgio-armani","8":"first","9":"instock","10":"shipping-taxable","11":"product-type-variable"},"_links":{"self":[{"href":"https:\/\/parisparis.movilizame.com.ar\/index.php?rest_route=\/wp\/v2\/product\/6659","targetHints":{"allow":["GET"]}}],"collection":[{"href":"https:\/\/parisparis.movilizame.com.ar\/index.php?rest_route=\/wp\/v2\/product"}],"about":[{"href":"https:\/\/parisparis.movilizame.com.ar\/index.php?rest_route=\/wp\/v2\/types\/product"}],"replies":[{"embeddable":true,"href":"https:\/\/parisparis.movilizame.com.ar\/index.php?rest_route=%2Fwp%2Fv2%2Fcomments&post=6659"}],"wp:featuredmedia":[{"embeddable":true,"href":"https:\/\/parisparis.movilizame.com.ar\/index.php?rest_route=\/wp\/v2\/media\/8735"}],"wp:attachment":[{"href":"https:\/\/parisparis.movilizame.com.ar\/index.php?rest_route=%2Fwp%2Fv2%2Fmedia&parent=6659"}],"wp:term":[{"taxonomy":"product_brand","embeddable":true,"href":"https:\/\/parisparis.movilizame.com.ar\/index.php?rest_route=%2Fwp%2Fv2%2Fproduct_brand&post=6659"},{"taxonomy":"product_cat","embeddable":true,"href":"https:\/\/parisparis.movilizame.com.ar\/index.php?rest_route=%2Fwp%2Fv2%2Fproduct_cat&post=6659"},{"taxonomy":"product_tag","embeddable":true,"href":"https:\/\/parisparis.movilizame.com.ar\/index.php?rest_route=%2Fwp%2Fv2%2Fproduct_tag&post=6659"}],"curies":[{"name":"wp","href":"https:\/\/api.w.org\/{rel}","templated":true}]}}