{"id":6658,"date":"2020-08-07T00:46:56","date_gmt":"2020-08-07T03:46:56","guid":{"rendered":"http:\/\/wp-paris-paris.test\/?product=carolina-herrera-herrera-for-men-edt-100ml-x-100-ml"},"modified":"2026-03-02T12:45:37","modified_gmt":"2026-03-02T15:45:37","slug":"carolina-herrera-herrera-for-men-edt-100ml-x-100-ml","status":"publish","type":"product","link":"https:\/\/parisparis.movilizame.com.ar\/?product=carolina-herrera-herrera-for-men-edt-100ml-x-100-ml","title":{"rendered":"CAROLINA HERRERA &#8211; HERRERA FOR MEN EDT 100 ML"},"content":{"rendered":"<p>Herrera For Men es una creaci\u00f3n olfativa de la marca Carolina Herrera, lanzada al mercado en 1991. Esta fragancia se presenta en concentraci\u00f3n Eau de Toilette. Dise\u00f1ada para Hombre, representa una sofisticada interpretaci\u00f3n dentro de la familia Arom\u00e1tica, Oriental, Floral.<\/p>\n<h3>Composici\u00f3n de las notas<\/h3>\n<ul>\n<li><b>Notas de Salida:<\/b>\u00a0Neroli, Lavanda, Lim\u00f3n, Romero<\/li>\n<li><b>Notas de Coraz\u00f3n:<\/b>\u00a0Tr\u00e9bol, Geranio, Clavel<\/li>\n<li><b>Notas de Base<\/b>: S\u00e1ndalo, Tabaco, \u00c1mbar gris<\/li>\n<\/ul>\n","protected":false},"excerpt":{"rendered":"<p>Herrera For Men es una creaci\u00f3n olfativa de la marca Carolina Herrera, lanzada al mercado en 1991. Esta fragancia se&#8230;<\/p>\n","protected":false},"featured_media":7554,"comment_status":"open","ping_status":"closed","template":"","meta":[],"product_brand":[1406],"product_cat":[],"product_tag":[],"class_list":{"0":"post-6658","1":"product","2":"type-product","3":"status-publish","4":"has-post-thumbnail","6":"product_brand-carolina-herrera","8":"first","9":"instock","10":"shipping-taxable","11":"purchasable","12":"product-type-simple"},"_links":{"self":[{"href":"https:\/\/parisparis.movilizame.com.ar\/index.php?rest_route=\/wp\/v2\/product\/6658","targetHints":{"allow":["GET"]}}],"collection":[{"href":"https:\/\/parisparis.movilizame.com.ar\/index.php?rest_route=\/wp\/v2\/product"}],"about":[{"href":"https:\/\/parisparis.movilizame.com.ar\/index.php?rest_route=\/wp\/v2\/types\/product"}],"replies":[{"embeddable":true,"href":"https:\/\/parisparis.movilizame.com.ar\/index.php?rest_route=%2Fwp%2Fv2%2Fcomments&post=6658"}],"wp:featuredmedia":[{"embeddable":true,"href":"https:\/\/parisparis.movilizame.com.ar\/index.php?rest_route=\/wp\/v2\/media\/7554"}],"wp:attachment":[{"href":"https:\/\/parisparis.movilizame.com.ar\/index.php?rest_route=%2Fwp%2Fv2%2Fmedia&parent=6658"}],"wp:term":[{"taxonomy":"product_brand","embeddable":true,"href":"https:\/\/parisparis.movilizame.com.ar\/index.php?rest_route=%2Fwp%2Fv2%2Fproduct_brand&post=6658"},{"taxonomy":"product_cat","embeddable":true,"href":"https:\/\/parisparis.movilizame.com.ar\/index.php?rest_route=%2Fwp%2Fv2%2Fproduct_cat&post=6658"},{"taxonomy":"product_tag","embeddable":true,"href":"https:\/\/parisparis.movilizame.com.ar\/index.php?rest_route=%2Fwp%2Fv2%2Fproduct_tag&post=6658"}],"curies":[{"name":"wp","href":"https:\/\/api.w.org\/{rel}","templated":true}]}}