{"id":6654,"date":"2020-08-07T00:37:34","date_gmt":"2020-08-07T03:37:34","guid":{"rendered":"http:\/\/wp-paris-paris.test\/?product=carolina-herrera-ch-men-edt-x-100-ml"},"modified":"2026-03-02T12:45:37","modified_gmt":"2026-03-02T15:45:37","slug":"carolina-herrera-ch-men-edt-x-100-ml","status":"publish","type":"product","link":"https:\/\/parisparis.movilizame.com.ar\/?product=carolina-herrera-ch-men-edt-x-100-ml","title":{"rendered":"CAROLINA HERRERA &#8211; CH MEN EDT 100 ML"},"content":{"rendered":"<p><strong>CH Men Carolina Herrera , Fragancia masculina.<\/strong><\/p>\n<p>Las\u00a0<strong>Notas<\/strong> de Salida son bergamota, toronja (pomelo) y hierba<\/p>\n<p>Las <strong>Notas<\/strong> de Coraz\u00f3n son azafr\u00e1n, nuez moscada, notas amaderadas, jazm\u00edn y violeta<\/p>\n<p>Las <strong>Notas<\/strong>\u00a0de Fondo son musgo de roble, \u00e1mbar, vainilla, cuero, az\u00facar, vetiver, s\u00e1ndalo, gamuza y madera de cachemira<\/p>\n","protected":false},"excerpt":{"rendered":"<p>CH Men Carolina Herrera , Fragancia masculina. Las\u00a0Notas de Salida son bergamota, toronja (pomelo) y hierba Las Notas de Coraz\u00f3n&#8230;<\/p>\n","protected":false},"featured_media":8321,"comment_status":"open","ping_status":"closed","template":"","meta":[],"product_brand":[1406],"product_cat":[],"product_tag":[],"class_list":{"0":"post-6654","1":"product","2":"type-product","3":"status-publish","4":"has-post-thumbnail","6":"product_brand-carolina-herrera","8":"first","9":"outofstock","10":"shipping-taxable","11":"purchasable","12":"product-type-simple"},"_links":{"self":[{"href":"https:\/\/parisparis.movilizame.com.ar\/index.php?rest_route=\/wp\/v2\/product\/6654","targetHints":{"allow":["GET"]}}],"collection":[{"href":"https:\/\/parisparis.movilizame.com.ar\/index.php?rest_route=\/wp\/v2\/product"}],"about":[{"href":"https:\/\/parisparis.movilizame.com.ar\/index.php?rest_route=\/wp\/v2\/types\/product"}],"replies":[{"embeddable":true,"href":"https:\/\/parisparis.movilizame.com.ar\/index.php?rest_route=%2Fwp%2Fv2%2Fcomments&post=6654"}],"wp:featuredmedia":[{"embeddable":true,"href":"https:\/\/parisparis.movilizame.com.ar\/index.php?rest_route=\/wp\/v2\/media\/8321"}],"wp:attachment":[{"href":"https:\/\/parisparis.movilizame.com.ar\/index.php?rest_route=%2Fwp%2Fv2%2Fmedia&parent=6654"}],"wp:term":[{"taxonomy":"product_brand","embeddable":true,"href":"https:\/\/parisparis.movilizame.com.ar\/index.php?rest_route=%2Fwp%2Fv2%2Fproduct_brand&post=6654"},{"taxonomy":"product_cat","embeddable":true,"href":"https:\/\/parisparis.movilizame.com.ar\/index.php?rest_route=%2Fwp%2Fv2%2Fproduct_cat&post=6654"},{"taxonomy":"product_tag","embeddable":true,"href":"https:\/\/parisparis.movilizame.com.ar\/index.php?rest_route=%2Fwp%2Fv2%2Fproduct_tag&post=6654"}],"curies":[{"name":"wp","href":"https:\/\/api.w.org\/{rel}","templated":true}]}}