{"id":6645,"date":"2020-08-06T23:20:22","date_gmt":"2020-08-07T02:20:22","guid":{"rendered":"http:\/\/wp-paris-paris.test\/?product=carolina-herrera-212-edt-x-100-ml"},"modified":"2026-03-02T12:45:39","modified_gmt":"2026-03-02T15:45:39","slug":"carolina-herrera-212-edt-x-100-ml","status":"publish","type":"product","link":"https:\/\/parisparis.movilizame.com.ar\/?product=carolina-herrera-212-edt-x-100-ml","title":{"rendered":"CAROLINA HERRERA &#8211; 212 WOMAN EDT"},"content":{"rendered":"<p><b>212<\/b>\u00a0de\u00a0<b>Carolina Herrera<\/b>\u00a0es una fragancia de la familia olfativa Almizcle Floral Amaderado para Mujeres.\u00a0<b>212<\/b>\u00a0se lanz\u00f3 en 1997.<\/p>\n<p>La Nariz detr\u00e1s de esta fragrancia es Alberto Morillas.<\/p>\n<p>Las Notas de Salida son flor de azahar del naranjo, flor de cactus, bergamota y mandarina; las Notas de Coraz\u00f3n son azucena, fresia, gardenia, jazm\u00edn, lirio de los valles (muguete), camelia blanca, rosa y peon\u00eda; las Notas de Fondo son almizcle y s\u00e1ndalo.<\/p>\n","protected":false},"excerpt":{"rendered":"<p>212\u00a0de\u00a0Carolina Herrera\u00a0es una fragancia de la familia olfativa Almizcle Floral Amaderado para Mujeres.\u00a0212\u00a0se lanz\u00f3 en 1997. La Nariz detr\u00e1s de&#8230;<\/p>\n","protected":false},"featured_media":7545,"comment_status":"open","ping_status":"closed","template":"","meta":[],"product_brand":[1406],"product_cat":[],"product_tag":[],"class_list":{"0":"post-6645","1":"product","2":"type-product","3":"status-publish","4":"has-post-thumbnail","6":"product_brand-carolina-herrera","8":"first","9":"instock","10":"shipping-taxable","11":"purchasable","12":"product-type-variable"},"_links":{"self":[{"href":"https:\/\/parisparis.movilizame.com.ar\/index.php?rest_route=\/wp\/v2\/product\/6645","targetHints":{"allow":["GET"]}}],"collection":[{"href":"https:\/\/parisparis.movilizame.com.ar\/index.php?rest_route=\/wp\/v2\/product"}],"about":[{"href":"https:\/\/parisparis.movilizame.com.ar\/index.php?rest_route=\/wp\/v2\/types\/product"}],"replies":[{"embeddable":true,"href":"https:\/\/parisparis.movilizame.com.ar\/index.php?rest_route=%2Fwp%2Fv2%2Fcomments&post=6645"}],"wp:featuredmedia":[{"embeddable":true,"href":"https:\/\/parisparis.movilizame.com.ar\/index.php?rest_route=\/wp\/v2\/media\/7545"}],"wp:attachment":[{"href":"https:\/\/parisparis.movilizame.com.ar\/index.php?rest_route=%2Fwp%2Fv2%2Fmedia&parent=6645"}],"wp:term":[{"taxonomy":"product_brand","embeddable":true,"href":"https:\/\/parisparis.movilizame.com.ar\/index.php?rest_route=%2Fwp%2Fv2%2Fproduct_brand&post=6645"},{"taxonomy":"product_cat","embeddable":true,"href":"https:\/\/parisparis.movilizame.com.ar\/index.php?rest_route=%2Fwp%2Fv2%2Fproduct_cat&post=6645"},{"taxonomy":"product_tag","embeddable":true,"href":"https:\/\/parisparis.movilizame.com.ar\/index.php?rest_route=%2Fwp%2Fv2%2Fproduct_tag&post=6645"}],"curies":[{"name":"wp","href":"https:\/\/api.w.org\/{rel}","templated":true}]}}