{"id":6639,"date":"2020-08-04T00:14:25","date_gmt":"2020-08-04T03:14:25","guid":{"rendered":"http:\/\/wp-paris-paris.test\/?product=la-pasionaria-caja-estuche-regalo-uva"},"modified":"2025-11-04T18:34:13","modified_gmt":"2025-11-04T21:34:13","slug":"la-pasionaria-caja-estuche-regalo-uva","status":"publish","type":"product","link":"https:\/\/parisparis.movilizame.com.ar\/?product=la-pasionaria-caja-estuche-regalo-uva","title":{"rendered":"LA PASIONARIA &#8211; Caja Estuche Regalo Uva"},"content":{"rendered":"<p><strong>Caja Estuche de regalo Uva<\/strong><br \/>\nJab\u00f3n Vegetal 90 grs de Uva, Jab\u00f3n L\u00edquido de Uva, Crema para manos y cuerpo de Uva.<\/p>\n","protected":false},"excerpt":{"rendered":"<p>Caja Estuche de regalo Uva Jab\u00f3n Vegetal 90 grs de Uva, Jab\u00f3n L\u00edquido de Uva, Crema para manos y cuerpo&#8230;<\/p>\n","protected":false},"featured_media":7539,"comment_status":"open","ping_status":"closed","template":"","meta":[],"product_brand":[1483],"product_cat":[],"product_tag":[],"class_list":{"0":"post-6639","1":"product","2":"type-product","3":"status-publish","4":"has-post-thumbnail","6":"product_brand-la-pasionaria","8":"first","9":"instock","10":"shipping-taxable","11":"purchasable","12":"product-type-simple"},"_links":{"self":[{"href":"https:\/\/parisparis.movilizame.com.ar\/index.php?rest_route=\/wp\/v2\/product\/6639","targetHints":{"allow":["GET"]}}],"collection":[{"href":"https:\/\/parisparis.movilizame.com.ar\/index.php?rest_route=\/wp\/v2\/product"}],"about":[{"href":"https:\/\/parisparis.movilizame.com.ar\/index.php?rest_route=\/wp\/v2\/types\/product"}],"replies":[{"embeddable":true,"href":"https:\/\/parisparis.movilizame.com.ar\/index.php?rest_route=%2Fwp%2Fv2%2Fcomments&post=6639"}],"wp:featuredmedia":[{"embeddable":true,"href":"https:\/\/parisparis.movilizame.com.ar\/index.php?rest_route=\/wp\/v2\/media\/7539"}],"wp:attachment":[{"href":"https:\/\/parisparis.movilizame.com.ar\/index.php?rest_route=%2Fwp%2Fv2%2Fmedia&parent=6639"}],"wp:term":[{"taxonomy":"product_brand","embeddable":true,"href":"https:\/\/parisparis.movilizame.com.ar\/index.php?rest_route=%2Fwp%2Fv2%2Fproduct_brand&post=6639"},{"taxonomy":"product_cat","embeddable":true,"href":"https:\/\/parisparis.movilizame.com.ar\/index.php?rest_route=%2Fwp%2Fv2%2Fproduct_cat&post=6639"},{"taxonomy":"product_tag","embeddable":true,"href":"https:\/\/parisparis.movilizame.com.ar\/index.php?rest_route=%2Fwp%2Fv2%2Fproduct_tag&post=6639"}],"curies":[{"name":"wp","href":"https:\/\/api.w.org\/{rel}","templated":true}]}}