{"id":6611,"date":"2020-08-02T22:33:09","date_gmt":"2020-08-03T01:33:09","guid":{"rendered":"http:\/\/wp-paris-paris.test\/?product=la-pasionaria-jabon-liquido-miel"},"modified":"2025-11-08T18:02:00","modified_gmt":"2025-11-08T21:02:00","slug":"la-pasionaria-jabon-liquido-miel","status":"publish","type":"product","link":"https:\/\/parisparis.movilizame.com.ar\/?product=la-pasionaria-jabon-liquido-miel","title":{"rendered":"LA PASIONARIA &#8211; Jab\u00f3n L\u00edquido Miel"},"content":{"rendered":"<p>Jab\u00f3n l\u00edquido 300 ml.<br \/>\nCremosos y transparentes enriquecidos con ingredientes emolientes e hidratantes. Dise\u00f1ados para dejar las manos limpias, despu\u00e9s de un lavado con buena espuma y suavidad.<\/p>\n","protected":false},"excerpt":{"rendered":"<p>Jab\u00f3n l\u00edquido 300 ml. Cremosos y transparentes enriquecidos con ingredientes emolientes e hidratantes. Dise\u00f1ados para dejar las manos limpias, despu\u00e9s&#8230;<\/p>\n","protected":false},"featured_media":7511,"comment_status":"open","ping_status":"closed","template":"","meta":[],"product_brand":[1483],"product_cat":[],"product_tag":[],"class_list":{"0":"post-6611","1":"product","2":"type-product","3":"status-publish","4":"has-post-thumbnail","6":"product_brand-la-pasionaria","8":"first","9":"instock","10":"shipping-taxable","11":"purchasable","12":"product-type-simple"},"_links":{"self":[{"href":"https:\/\/parisparis.movilizame.com.ar\/index.php?rest_route=\/wp\/v2\/product\/6611","targetHints":{"allow":["GET"]}}],"collection":[{"href":"https:\/\/parisparis.movilizame.com.ar\/index.php?rest_route=\/wp\/v2\/product"}],"about":[{"href":"https:\/\/parisparis.movilizame.com.ar\/index.php?rest_route=\/wp\/v2\/types\/product"}],"replies":[{"embeddable":true,"href":"https:\/\/parisparis.movilizame.com.ar\/index.php?rest_route=%2Fwp%2Fv2%2Fcomments&post=6611"}],"wp:featuredmedia":[{"embeddable":true,"href":"https:\/\/parisparis.movilizame.com.ar\/index.php?rest_route=\/wp\/v2\/media\/7511"}],"wp:attachment":[{"href":"https:\/\/parisparis.movilizame.com.ar\/index.php?rest_route=%2Fwp%2Fv2%2Fmedia&parent=6611"}],"wp:term":[{"taxonomy":"product_brand","embeddable":true,"href":"https:\/\/parisparis.movilizame.com.ar\/index.php?rest_route=%2Fwp%2Fv2%2Fproduct_brand&post=6611"},{"taxonomy":"product_cat","embeddable":true,"href":"https:\/\/parisparis.movilizame.com.ar\/index.php?rest_route=%2Fwp%2Fv2%2Fproduct_cat&post=6611"},{"taxonomy":"product_tag","embeddable":true,"href":"https:\/\/parisparis.movilizame.com.ar\/index.php?rest_route=%2Fwp%2Fv2%2Fproduct_tag&post=6611"}],"curies":[{"name":"wp","href":"https:\/\/api.w.org\/{rel}","templated":true}]}}