{"id":6600,"date":"2020-07-27T18:30:49","date_gmt":"2020-07-27T21:30:49","guid":{"rendered":"http:\/\/wp-paris-paris.test\/?product=la-pasionaria-crema-para-manos-y-cuerpo-uva"},"modified":"2025-11-04T18:38:23","modified_gmt":"2025-11-04T21:38:23","slug":"la-pasionaria-crema-para-manos-y-cuerpo-uva","status":"publish","type":"product","link":"https:\/\/parisparis.movilizame.com.ar\/?product=la-pasionaria-crema-para-manos-y-cuerpo-uva","title":{"rendered":"LA PASIONARIA &#8211; Crema para manos y cuerpo Uva"},"content":{"rendered":"<p>Crema para manos 280 grs. Intensamente nutritiva y de r\u00e1pida absorci\u00f3n previene el envejecimiento de la piel y act\u00faa de manera eficaz sobre los efectos de los detergentes, el fr\u00edo, y otros productos qu\u00edmicos. Las manos suaves y protegidas.<\/p>\n","protected":false},"excerpt":{"rendered":"<p>Crema para manos 280 grs. Intensamente nutritiva y de r\u00e1pida absorci\u00f3n previene el envejecimiento de la piel y act\u00faa de&#8230;<\/p>\n","protected":false},"featured_media":7503,"comment_status":"open","ping_status":"closed","template":"","meta":[],"product_brand":[1483],"product_cat":[],"product_tag":[],"class_list":{"0":"post-6600","1":"product","2":"type-product","3":"status-publish","4":"has-post-thumbnail","6":"product_brand-la-pasionaria","8":"first","9":"instock","10":"shipping-taxable","11":"purchasable","12":"product-type-simple"},"_links":{"self":[{"href":"https:\/\/parisparis.movilizame.com.ar\/index.php?rest_route=\/wp\/v2\/product\/6600","targetHints":{"allow":["GET"]}}],"collection":[{"href":"https:\/\/parisparis.movilizame.com.ar\/index.php?rest_route=\/wp\/v2\/product"}],"about":[{"href":"https:\/\/parisparis.movilizame.com.ar\/index.php?rest_route=\/wp\/v2\/types\/product"}],"replies":[{"embeddable":true,"href":"https:\/\/parisparis.movilizame.com.ar\/index.php?rest_route=%2Fwp%2Fv2%2Fcomments&post=6600"}],"wp:featuredmedia":[{"embeddable":true,"href":"https:\/\/parisparis.movilizame.com.ar\/index.php?rest_route=\/wp\/v2\/media\/7503"}],"wp:attachment":[{"href":"https:\/\/parisparis.movilizame.com.ar\/index.php?rest_route=%2Fwp%2Fv2%2Fmedia&parent=6600"}],"wp:term":[{"taxonomy":"product_brand","embeddable":true,"href":"https:\/\/parisparis.movilizame.com.ar\/index.php?rest_route=%2Fwp%2Fv2%2Fproduct_brand&post=6600"},{"taxonomy":"product_cat","embeddable":true,"href":"https:\/\/parisparis.movilizame.com.ar\/index.php?rest_route=%2Fwp%2Fv2%2Fproduct_cat&post=6600"},{"taxonomy":"product_tag","embeddable":true,"href":"https:\/\/parisparis.movilizame.com.ar\/index.php?rest_route=%2Fwp%2Fv2%2Fproduct_tag&post=6600"}],"curies":[{"name":"wp","href":"https:\/\/api.w.org\/{rel}","templated":true}]}}