{"id":6593,"date":"2020-07-27T17:42:19","date_gmt":"2020-07-27T20:42:19","guid":{"rendered":"http:\/\/wp-paris-paris.test\/?product=la-pasionaria-jabon-vegetal-ceibo"},"modified":"2025-11-04T18:38:24","modified_gmt":"2025-11-04T21:38:24","slug":"la-pasionaria-jabon-vegetal-ceibo","status":"publish","type":"product","link":"https:\/\/parisparis.movilizame.com.ar\/?product=la-pasionaria-jabon-vegetal-ceibo","title":{"rendered":"LA PASIONARIA &#8211; Jabon Vegetal Ceibo"},"content":{"rendered":"<p>Jab\u00f3n Vegetal 90 grs. El \u00e1rbol nacional argentino crece espont\u00e1neamente en las riberas del R\u00edo Paran\u00e1. La medicina ind\u00edgena lo apreciaba por sus propiedades sedantes, cicatrizantes y curativas. Es un jab\u00f3n emoliente, fresco, suave y muy relajante.<\/p>\n","protected":false},"excerpt":{"rendered":"<p>Jab\u00f3n Vegetal 90 grs. El \u00e1rbol nacional argentino crece espont\u00e1neamente en las riberas del R\u00edo Paran\u00e1. La medicina ind\u00edgena lo&#8230;<\/p>\n","protected":false},"featured_media":7497,"comment_status":"open","ping_status":"closed","template":"","meta":[],"product_brand":[1483],"product_cat":[],"product_tag":[],"class_list":{"0":"post-6593","1":"product","2":"type-product","3":"status-publish","4":"has-post-thumbnail","6":"product_brand-la-pasionaria","8":"first","9":"instock","10":"shipping-taxable","11":"purchasable","12":"product-type-simple"},"_links":{"self":[{"href":"https:\/\/parisparis.movilizame.com.ar\/index.php?rest_route=\/wp\/v2\/product\/6593","targetHints":{"allow":["GET"]}}],"collection":[{"href":"https:\/\/parisparis.movilizame.com.ar\/index.php?rest_route=\/wp\/v2\/product"}],"about":[{"href":"https:\/\/parisparis.movilizame.com.ar\/index.php?rest_route=\/wp\/v2\/types\/product"}],"replies":[{"embeddable":true,"href":"https:\/\/parisparis.movilizame.com.ar\/index.php?rest_route=%2Fwp%2Fv2%2Fcomments&post=6593"}],"wp:featuredmedia":[{"embeddable":true,"href":"https:\/\/parisparis.movilizame.com.ar\/index.php?rest_route=\/wp\/v2\/media\/7497"}],"wp:attachment":[{"href":"https:\/\/parisparis.movilizame.com.ar\/index.php?rest_route=%2Fwp%2Fv2%2Fmedia&parent=6593"}],"wp:term":[{"taxonomy":"product_brand","embeddable":true,"href":"https:\/\/parisparis.movilizame.com.ar\/index.php?rest_route=%2Fwp%2Fv2%2Fproduct_brand&post=6593"},{"taxonomy":"product_cat","embeddable":true,"href":"https:\/\/parisparis.movilizame.com.ar\/index.php?rest_route=%2Fwp%2Fv2%2Fproduct_cat&post=6593"},{"taxonomy":"product_tag","embeddable":true,"href":"https:\/\/parisparis.movilizame.com.ar\/index.php?rest_route=%2Fwp%2Fv2%2Fproduct_tag&post=6593"}],"curies":[{"name":"wp","href":"https:\/\/api.w.org\/{rel}","templated":true}]}}