{"id":6588,"date":"2020-07-23T17:59:57","date_gmt":"2020-07-23T20:59:57","guid":{"rendered":"http:\/\/wp-paris-paris.test\/?product=la-pasionaria-jabones-la-ceremonia-del-te-x6"},"modified":"2025-11-08T18:05:41","modified_gmt":"2025-11-08T21:05:41","slug":"la-pasionaria-jabones-la-ceremonia-del-te-x6","status":"publish","type":"product","link":"https:\/\/parisparis.movilizame.com.ar\/?product=la-pasionaria-jabones-la-ceremonia-del-te-x6","title":{"rendered":"LA PASIONARIA &#8211; Jabones La Ceremonia del T\u00e9 (x6)"},"content":{"rendered":"<p>Estuche de 6 jabones de 70 grs c\/u. Colecci\u00f3n: T\u00e9 con Ciruela, T\u00e9 Verde Jazm\u00edn, T\u00e9 de Rosas, T\u00e9 Negro, T\u00e9 de Jengibre y Mandarinas, \u00c1rbol de T\u00e9.<\/p>\n","protected":false},"excerpt":{"rendered":"<p>Estuche de 6 jabones de 70 grs c\/u. Colecci\u00f3n: T\u00e9 con Ciruela, T\u00e9 Verde Jazm\u00edn, T\u00e9 de Rosas, T\u00e9 Negro,&#8230;<\/p>\n","protected":false},"featured_media":7492,"comment_status":"open","ping_status":"closed","template":"","meta":[],"product_brand":[1483],"product_cat":[],"product_tag":[],"class_list":{"0":"post-6588","1":"product","2":"type-product","3":"status-publish","4":"has-post-thumbnail","6":"product_brand-la-pasionaria","8":"first","9":"instock","10":"shipping-taxable","11":"purchasable","12":"product-type-simple"},"_links":{"self":[{"href":"https:\/\/parisparis.movilizame.com.ar\/index.php?rest_route=\/wp\/v2\/product\/6588","targetHints":{"allow":["GET"]}}],"collection":[{"href":"https:\/\/parisparis.movilizame.com.ar\/index.php?rest_route=\/wp\/v2\/product"}],"about":[{"href":"https:\/\/parisparis.movilizame.com.ar\/index.php?rest_route=\/wp\/v2\/types\/product"}],"replies":[{"embeddable":true,"href":"https:\/\/parisparis.movilizame.com.ar\/index.php?rest_route=%2Fwp%2Fv2%2Fcomments&post=6588"}],"wp:featuredmedia":[{"embeddable":true,"href":"https:\/\/parisparis.movilizame.com.ar\/index.php?rest_route=\/wp\/v2\/media\/7492"}],"wp:attachment":[{"href":"https:\/\/parisparis.movilizame.com.ar\/index.php?rest_route=%2Fwp%2Fv2%2Fmedia&parent=6588"}],"wp:term":[{"taxonomy":"product_brand","embeddable":true,"href":"https:\/\/parisparis.movilizame.com.ar\/index.php?rest_route=%2Fwp%2Fv2%2Fproduct_brand&post=6588"},{"taxonomy":"product_cat","embeddable":true,"href":"https:\/\/parisparis.movilizame.com.ar\/index.php?rest_route=%2Fwp%2Fv2%2Fproduct_cat&post=6588"},{"taxonomy":"product_tag","embeddable":true,"href":"https:\/\/parisparis.movilizame.com.ar\/index.php?rest_route=%2Fwp%2Fv2%2Fproduct_tag&post=6588"}],"curies":[{"name":"wp","href":"https:\/\/api.w.org\/{rel}","templated":true}]}}