{"id":6585,"date":"2020-07-23T17:49:13","date_gmt":"2020-07-23T20:49:13","guid":{"rendered":"http:\/\/wp-paris-paris.test\/?product=la-pasionaria-jabon-vegetal-canela-y-manzana"},"modified":"2025-11-08T18:05:59","modified_gmt":"2025-11-08T21:05:59","slug":"la-pasionaria-jabon-vegetal-canela-y-manzana","status":"publish","type":"product","link":"https:\/\/parisparis.movilizame.com.ar\/?product=la-pasionaria-jabon-vegetal-canela-y-manzana","title":{"rendered":"LA PASIONARIA &#8211; Jab\u00f3n Vegetal Canela y Manzana"},"content":{"rendered":"<p>Jab\u00f3n Vegetal fragancia Canela y Manzana. Presentaci\u00f3n&nbsp;90 grs.<br \/>\nEnvasado en caja individual.<br \/>\nLa canela es muy revitalizante, suaviza la piel y aromatiza el jab\u00f3n. La manzana proporciona relajaci\u00f3n y tranquilidad, hidrata y al mismo tiempo act\u00faa como un astringente suave. Es un jab\u00f3n muy perfumado y con aroma muy especial.<\/p>\n","protected":false},"excerpt":{"rendered":"<p>Jab\u00f3n Vegetal fragancia Canela y Manzana. Presentaci\u00f3n&nbsp;90 grs. Envasado en caja individual. La canela es muy revitalizante, suaviza la piel&#8230;<\/p>\n","protected":false},"featured_media":7490,"comment_status":"open","ping_status":"closed","template":"","meta":[],"product_brand":[1483],"product_cat":[],"product_tag":[],"class_list":{"0":"post-6585","1":"product","2":"type-product","3":"status-publish","4":"has-post-thumbnail","6":"product_brand-la-pasionaria","8":"first","9":"instock","10":"shipping-taxable","11":"purchasable","12":"product-type-simple"},"_links":{"self":[{"href":"https:\/\/parisparis.movilizame.com.ar\/index.php?rest_route=\/wp\/v2\/product\/6585","targetHints":{"allow":["GET"]}}],"collection":[{"href":"https:\/\/parisparis.movilizame.com.ar\/index.php?rest_route=\/wp\/v2\/product"}],"about":[{"href":"https:\/\/parisparis.movilizame.com.ar\/index.php?rest_route=\/wp\/v2\/types\/product"}],"replies":[{"embeddable":true,"href":"https:\/\/parisparis.movilizame.com.ar\/index.php?rest_route=%2Fwp%2Fv2%2Fcomments&post=6585"}],"wp:featuredmedia":[{"embeddable":true,"href":"https:\/\/parisparis.movilizame.com.ar\/index.php?rest_route=\/wp\/v2\/media\/7490"}],"wp:attachment":[{"href":"https:\/\/parisparis.movilizame.com.ar\/index.php?rest_route=%2Fwp%2Fv2%2Fmedia&parent=6585"}],"wp:term":[{"taxonomy":"product_brand","embeddable":true,"href":"https:\/\/parisparis.movilizame.com.ar\/index.php?rest_route=%2Fwp%2Fv2%2Fproduct_brand&post=6585"},{"taxonomy":"product_cat","embeddable":true,"href":"https:\/\/parisparis.movilizame.com.ar\/index.php?rest_route=%2Fwp%2Fv2%2Fproduct_cat&post=6585"},{"taxonomy":"product_tag","embeddable":true,"href":"https:\/\/parisparis.movilizame.com.ar\/index.php?rest_route=%2Fwp%2Fv2%2Fproduct_tag&post=6585"}],"curies":[{"name":"wp","href":"https:\/\/api.w.org\/{rel}","templated":true}]}}