{"id":6584,"date":"2020-07-23T17:48:25","date_gmt":"2020-07-23T20:48:25","guid":{"rendered":"http:\/\/wp-paris-paris.test\/?product=la-pasionaria-jabon-vegetal-uva"},"modified":"2025-11-08T18:06:06","modified_gmt":"2025-11-08T21:06:06","slug":"la-pasionaria-jabon-vegetal-uva","status":"publish","type":"product","link":"https:\/\/parisparis.movilizame.com.ar\/?product=la-pasionaria-jabon-vegetal-uva","title":{"rendered":"LA PASIONARIA &#8211; Jab\u00f3n Vegetal Uva"},"content":{"rendered":"<p>Jab\u00f3n Vegetal fragancia Uva. Presentaci\u00f3n&nbsp;90 grs.<br \/>\nEnvasado en caja individual.<br \/>\nLas uvas, regeneradoras, hidratantes y ultra nutritivas, act\u00faan eficazmente contra el envejecimiento de la piel. Aportan una buena dosis de antioxidante y vitamina E al mismo tiempo que relajan el cuerpo y el esp\u00edritu.<\/p>\n","protected":false},"excerpt":{"rendered":"<p>Jab\u00f3n Vegetal fragancia Uva. Presentaci\u00f3n&nbsp;90 grs. Envasado en caja individual. Las uvas, regeneradoras, hidratantes y ultra nutritivas, act\u00faan eficazmente contra&#8230;<\/p>\n","protected":false},"featured_media":7489,"comment_status":"open","ping_status":"closed","template":"","meta":[],"product_brand":[1483],"product_cat":[],"product_tag":[],"class_list":{"0":"post-6584","1":"product","2":"type-product","3":"status-publish","4":"has-post-thumbnail","6":"product_brand-la-pasionaria","8":"first","9":"instock","10":"shipping-taxable","11":"purchasable","12":"product-type-simple"},"_links":{"self":[{"href":"https:\/\/parisparis.movilizame.com.ar\/index.php?rest_route=\/wp\/v2\/product\/6584","targetHints":{"allow":["GET"]}}],"collection":[{"href":"https:\/\/parisparis.movilizame.com.ar\/index.php?rest_route=\/wp\/v2\/product"}],"about":[{"href":"https:\/\/parisparis.movilizame.com.ar\/index.php?rest_route=\/wp\/v2\/types\/product"}],"replies":[{"embeddable":true,"href":"https:\/\/parisparis.movilizame.com.ar\/index.php?rest_route=%2Fwp%2Fv2%2Fcomments&post=6584"}],"wp:featuredmedia":[{"embeddable":true,"href":"https:\/\/parisparis.movilizame.com.ar\/index.php?rest_route=\/wp\/v2\/media\/7489"}],"wp:attachment":[{"href":"https:\/\/parisparis.movilizame.com.ar\/index.php?rest_route=%2Fwp%2Fv2%2Fmedia&parent=6584"}],"wp:term":[{"taxonomy":"product_brand","embeddable":true,"href":"https:\/\/parisparis.movilizame.com.ar\/index.php?rest_route=%2Fwp%2Fv2%2Fproduct_brand&post=6584"},{"taxonomy":"product_cat","embeddable":true,"href":"https:\/\/parisparis.movilizame.com.ar\/index.php?rest_route=%2Fwp%2Fv2%2Fproduct_cat&post=6584"},{"taxonomy":"product_tag","embeddable":true,"href":"https:\/\/parisparis.movilizame.com.ar\/index.php?rest_route=%2Fwp%2Fv2%2Fproduct_tag&post=6584"}],"curies":[{"name":"wp","href":"https:\/\/api.w.org\/{rel}","templated":true}]}}