{"id":6582,"date":"2020-07-23T17:46:11","date_gmt":"2020-07-23T20:46:11","guid":{"rendered":"http:\/\/wp-paris-paris.test\/?product=la-pasionaria-jabon-vegetal-vainilla"},"modified":"2025-11-08T18:06:24","modified_gmt":"2025-11-08T21:06:24","slug":"la-pasionaria-jabon-vegetal-vainilla","status":"publish","type":"product","link":"https:\/\/parisparis.movilizame.com.ar\/?product=la-pasionaria-jabon-vegetal-vainilla","title":{"rendered":"LA PASIONARIA &#8211; Jab\u00f3n Vegetal Vainilla"},"content":{"rendered":"<p>Jab\u00f3n Vegetal fragancia Vainilla. Presentaci\u00f3n&nbsp;90 grs.<br \/>\nEnvasado en caja individual.<br \/>\nLa vainilla, dulce y emoliente, relaja e hidrata la piel. La aromaterapia le reconoce adem\u00e1s, las propiedades de levantar el \u00e1nimo y calmar la ansiedad. Este jab\u00f3n deja en el cuerpo un aroma muy c\u00e1lido, sensual y duradero.<\/p>\n","protected":false},"excerpt":{"rendered":"<p>Jab\u00f3n Vegetal fragancia Vainilla. Presentaci\u00f3n&nbsp;90 grs. Envasado en caja individual. La vainilla, dulce y emoliente, relaja e hidrata la piel&#8230;.<\/p>\n","protected":false},"featured_media":7487,"comment_status":"open","ping_status":"closed","template":"","meta":[],"product_brand":[1483],"product_cat":[],"product_tag":[],"class_list":{"0":"post-6582","1":"product","2":"type-product","3":"status-publish","4":"has-post-thumbnail","6":"product_brand-la-pasionaria","8":"first","9":"instock","10":"shipping-taxable","11":"purchasable","12":"product-type-simple"},"_links":{"self":[{"href":"https:\/\/parisparis.movilizame.com.ar\/index.php?rest_route=\/wp\/v2\/product\/6582","targetHints":{"allow":["GET"]}}],"collection":[{"href":"https:\/\/parisparis.movilizame.com.ar\/index.php?rest_route=\/wp\/v2\/product"}],"about":[{"href":"https:\/\/parisparis.movilizame.com.ar\/index.php?rest_route=\/wp\/v2\/types\/product"}],"replies":[{"embeddable":true,"href":"https:\/\/parisparis.movilizame.com.ar\/index.php?rest_route=%2Fwp%2Fv2%2Fcomments&post=6582"}],"wp:featuredmedia":[{"embeddable":true,"href":"https:\/\/parisparis.movilizame.com.ar\/index.php?rest_route=\/wp\/v2\/media\/7487"}],"wp:attachment":[{"href":"https:\/\/parisparis.movilizame.com.ar\/index.php?rest_route=%2Fwp%2Fv2%2Fmedia&parent=6582"}],"wp:term":[{"taxonomy":"product_brand","embeddable":true,"href":"https:\/\/parisparis.movilizame.com.ar\/index.php?rest_route=%2Fwp%2Fv2%2Fproduct_brand&post=6582"},{"taxonomy":"product_cat","embeddable":true,"href":"https:\/\/parisparis.movilizame.com.ar\/index.php?rest_route=%2Fwp%2Fv2%2Fproduct_cat&post=6582"},{"taxonomy":"product_tag","embeddable":true,"href":"https:\/\/parisparis.movilizame.com.ar\/index.php?rest_route=%2Fwp%2Fv2%2Fproduct_tag&post=6582"}],"curies":[{"name":"wp","href":"https:\/\/api.w.org\/{rel}","templated":true}]}}