{"id":6580,"date":"2020-07-23T17:42:46","date_gmt":"2020-07-23T20:42:46","guid":{"rendered":"http:\/\/wp-paris-paris.test\/?product=la-pasionaria-jabon-vegetal-chocolate"},"modified":"2025-11-08T18:06:53","modified_gmt":"2025-11-08T21:06:53","slug":"la-pasionaria-jabon-vegetal-chocolate","status":"publish","type":"product","link":"https:\/\/parisparis.movilizame.com.ar\/?product=la-pasionaria-jabon-vegetal-chocolate","title":{"rendered":"LA PASIONARIA &#8211; Jab\u00f3n Vegetal Chocolate"},"content":{"rendered":"<p>Jab\u00f3n Vegetal fragancia Chocolate. Presentaci\u00f3n&nbsp;90 grs.<br \/>\nEnvasado en caja individual.<br \/>\nEl chocolate es la madre de todas las tentaciones. Dulce, estimulante y sensual. Energizante y antidepresivo. Afrodis\u00edaco. Las preciadas semillas de cacao logran un jab\u00f3n tan nutritivo como irresistible.<\/p>\n","protected":false},"excerpt":{"rendered":"<p>Jab\u00f3n Vegetal fragancia Chocolate. Presentaci\u00f3n&nbsp;90 grs. Envasado en caja individual. El chocolate es la madre de todas las tentaciones. Dulce,&#8230;<\/p>\n","protected":false},"featured_media":7485,"comment_status":"open","ping_status":"closed","template":"","meta":[],"product_brand":[1483],"product_cat":[],"product_tag":[],"class_list":{"0":"post-6580","1":"product","2":"type-product","3":"status-publish","4":"has-post-thumbnail","6":"product_brand-la-pasionaria","8":"first","9":"instock","10":"shipping-taxable","11":"purchasable","12":"product-type-simple"},"_links":{"self":[{"href":"https:\/\/parisparis.movilizame.com.ar\/index.php?rest_route=\/wp\/v2\/product\/6580","targetHints":{"allow":["GET"]}}],"collection":[{"href":"https:\/\/parisparis.movilizame.com.ar\/index.php?rest_route=\/wp\/v2\/product"}],"about":[{"href":"https:\/\/parisparis.movilizame.com.ar\/index.php?rest_route=\/wp\/v2\/types\/product"}],"replies":[{"embeddable":true,"href":"https:\/\/parisparis.movilizame.com.ar\/index.php?rest_route=%2Fwp%2Fv2%2Fcomments&post=6580"}],"wp:featuredmedia":[{"embeddable":true,"href":"https:\/\/parisparis.movilizame.com.ar\/index.php?rest_route=\/wp\/v2\/media\/7485"}],"wp:attachment":[{"href":"https:\/\/parisparis.movilizame.com.ar\/index.php?rest_route=%2Fwp%2Fv2%2Fmedia&parent=6580"}],"wp:term":[{"taxonomy":"product_brand","embeddable":true,"href":"https:\/\/parisparis.movilizame.com.ar\/index.php?rest_route=%2Fwp%2Fv2%2Fproduct_brand&post=6580"},{"taxonomy":"product_cat","embeddable":true,"href":"https:\/\/parisparis.movilizame.com.ar\/index.php?rest_route=%2Fwp%2Fv2%2Fproduct_cat&post=6580"},{"taxonomy":"product_tag","embeddable":true,"href":"https:\/\/parisparis.movilizame.com.ar\/index.php?rest_route=%2Fwp%2Fv2%2Fproduct_tag&post=6580"}],"curies":[{"name":"wp","href":"https:\/\/api.w.org\/{rel}","templated":true}]}}